{"id":978,"date":"2023-02-13T20:52:56","date_gmt":"2023-02-13T20:52:56","guid":{"rendered":"https:\/\/folklorisce.si\/?page_id=978"},"modified":"2024-01-03T13:01:49","modified_gmt":"2024-01-03T13:01:49","slug":"plesna-didaktika-2","status":"publish","type":"page","link":"https:\/\/folklorisce.si\/?page_id=978","title":{"rendered":"PLESNA DIDAKTIKA"},"content":{"rendered":"\n<div class=\"wp-block-media-text alignwide is-stacked-on-mobile is-vertically-aligned-center\"><figure class=\"wp-block-media-text__media\"><a href=\"https:\/\/folklorisce.si\/?page_id=780\"><img loading=\"lazy\" decoding=\"async\" width=\"1024\" height=\"684\" src=\"https:\/\/folklorisce.si\/wp-content\/uploads\/2023\/11\/DSC_0110-1024x684.jpg\" alt=\"\" class=\"wp-image-1071 size-full\" srcset=\"https:\/\/folklorisce.si\/wp-content\/uploads\/2023\/11\/DSC_0110-1024x684.jpg 1024w, https:\/\/folklorisce.si\/wp-content\/uploads\/2023\/11\/DSC_0110-300x200.jpg 300w, https:\/\/folklorisce.si\/wp-content\/uploads\/2023\/11\/DSC_0110-768x513.jpg 768w, https:\/\/folklorisce.si\/wp-content\/uploads\/2023\/11\/DSC_0110-1536x1025.jpg 1536w, https:\/\/folklorisce.si\/wp-content\/uploads\/2023\/11\/DSC_0110-2048x1367.jpg 2048w, https:\/\/folklorisce.si\/wp-content\/uploads\/2023\/11\/DSC_0110-600x401.jpg 600w\" sizes=\"auto, (max-width: 1024px) 100vw, 1024px\" \/><\/a><\/figure><div class=\"wp-block-media-text__content\">\n<p class=\"has-text-align-left\">DIDAKTIKA U\u010cENJA PLESA<\/p>\n<\/div><\/div>\n\n\n\n<div style=\"height:30px\" aria-hidden=\"true\" class=\"wp-block-spacer\"><\/div>\n\n\n\n<div class=\"wp-block-media-text is-stacked-on-mobile\"><figure class=\"wp-block-media-text__media\"><a href=\"https:\/\/folklorisce.si\/?page_id=934\"><img loading=\"lazy\" decoding=\"async\" width=\"1024\" height=\"684\" src=\"https:\/\/folklorisce.si\/wp-content\/uploads\/2023\/11\/DSC_0166-1-1024x684.jpg\" alt=\"\" class=\"wp-image-1075 size-full\" srcset=\"https:\/\/folklorisce.si\/wp-content\/uploads\/2023\/11\/DSC_0166-1-1024x684.jpg 1024w, https:\/\/folklorisce.si\/wp-content\/uploads\/2023\/11\/DSC_0166-1-300x200.jpg 300w, https:\/\/folklorisce.si\/wp-content\/uploads\/2023\/11\/DSC_0166-1-768x513.jpg 768w, https:\/\/folklorisce.si\/wp-content\/uploads\/2023\/11\/DSC_0166-1-1536x1025.jpg 1536w, https:\/\/folklorisce.si\/wp-content\/uploads\/2023\/11\/DSC_0166-1-2048x1367.jpg 2048w, https:\/\/folklorisce.si\/wp-content\/uploads\/2023\/11\/DSC_0166-1-600x401.jpg 600w\" sizes=\"auto, (max-width: 1024px) 100vw, 1024px\" \/><\/a><\/figure><div class=\"wp-block-media-text__content\">\n<p>POU\u010cEVANJE PLESA V OTRO\u0160KIH FOLKLORNIH SKUPINAH<\/p>\n<\/div><\/div>\n\n\n\n<div style=\"height:30px\" aria-hidden=\"true\" class=\"wp-block-spacer\"><\/div>\n\n\n\n<div class=\"wp-block-media-text is-stacked-on-mobile\"><figure class=\"wp-block-media-text__media\"><a href=\"https:\/\/folklorisce.si\/?page_id=54\"><img loading=\"lazy\" decoding=\"async\" width=\"1024\" height=\"683\" src=\"https:\/\/folklorisce.si\/wp-content\/uploads\/2023\/11\/DSC_0077-1024x683.jpg\" alt=\"\" class=\"wp-image-1078 size-full\" srcset=\"https:\/\/folklorisce.si\/wp-content\/uploads\/2023\/11\/DSC_0077-1024x683.jpg 1024w, https:\/\/folklorisce.si\/wp-content\/uploads\/2023\/11\/DSC_0077-300x200.jpg 300w, https:\/\/folklorisce.si\/wp-content\/uploads\/2023\/11\/DSC_0077-768x512.jpg 768w, https:\/\/folklorisce.si\/wp-content\/uploads\/2023\/11\/DSC_0077-1536x1024.jpg 1536w, https:\/\/folklorisce.si\/wp-content\/uploads\/2023\/11\/DSC_0077-2048x1365.jpg 2048w, https:\/\/folklorisce.si\/wp-content\/uploads\/2023\/11\/DSC_0077-600x400.jpg 600w\" sizes=\"auto, (max-width: 1024px) 100vw, 1024px\" \/><\/a><\/figure><div class=\"wp-block-media-text__content\">\n<p>PRAKTI\u010cNE VAJE ZA RAZVIJANJE PLESNOSTI, RITMA TER OB\u010cUTKA ZA PROSTOR IN SOPLESALCE<\/p>\n<\/div><\/div>\n","protected":false},"excerpt":{"rendered":"<p>DIDAKTIKA U\u010cENJA PLESA POU\u010cEVANJE PLESA V OTRO\u0160KIH FOLKLORNIH SKUPINAH PRAKTI\u010cNE VAJE ZA RAZVIJANJE PLESNOSTI, RITMA TER OB\u010cUTKA ZA PROSTOR IN [&hellip;]<\/p>\n","protected":false},"author":1,"featured_media":0,"parent":0,"menu_order":0,"comment_status":"closed","ping_status":"closed","template":"","meta":{"footnotes":""},"class_list":["post-978","page","type-page","status-publish","hentry"],"_links":{"self":[{"href":"https:\/\/folklorisce.si\/index.php?rest_route=\/wp\/v2\/pages\/978","targetHints":{"allow":["GET"]}}],"collection":[{"href":"https:\/\/folklorisce.si\/index.php?rest_route=\/wp\/v2\/pages"}],"about":[{"href":"https:\/\/folklorisce.si\/index.php?rest_route=\/wp\/v2\/types\/page"}],"author":[{"embeddable":true,"href":"https:\/\/folklorisce.si\/index.php?rest_route=\/wp\/v2\/users\/1"}],"replies":[{"embeddable":true,"href":"https:\/\/folklorisce.si\/index.php?rest_route=%2Fwp%2Fv2%2Fcomments&post=978"}],"version-history":[{"count":6,"href":"https:\/\/folklorisce.si\/index.php?rest_route=\/wp\/v2\/pages\/978\/revisions"}],"predecessor-version":[{"id":1134,"href":"https:\/\/folklorisce.si\/index.php?rest_route=\/wp\/v2\/pages\/978\/revisions\/1134"}],"wp:attachment":[{"href":"https:\/\/folklorisce.si\/index.php?rest_route=%2Fwp%2Fv2%2Fmedia&parent=978"}],"curies":[{"name":"wp","href":"https:\/\/api.w.org\/{rel}","templated":true}]}}