{"id":950,"date":"2023-02-13T20:20:33","date_gmt":"2023-02-13T20:20:33","guid":{"rendered":"https:\/\/folklorisce.si\/?page_id=950"},"modified":"2024-01-04T11:18:53","modified_gmt":"2024-01-04T11:18:53","slug":"folklorni-krozek","status":"publish","type":"page","link":"https:\/\/folklorisce.si\/?page_id=950","title":{"rendered":"FOLKLORNI KRO\u017dEK"},"content":{"rendered":"<p>Pripravila: Ur\u0161a Kavar<\/p>\n<\/p>\n\n\n<div class=\"wp-block-media-text is-stacked-on-mobile\" style=\"grid-template-columns:32% auto\"><figure class=\"wp-block-media-text__media\"><img loading=\"lazy\" decoding=\"async\" width=\"264\" height=\"196\" src=\"https:\/\/folklorisce.si\/wp-content\/uploads\/2023\/12\/Na-solskem-igriscu.png\" alt=\"\" class=\"wp-image-1093 size-full\"\/><\/figure><div class=\"wp-block-media-text__content\">\n<p>FOLKLORNA VAJA NA \u0160OLSKEM IGRI\u0160\u010cU: ISKANJE ZAKLADA<\/p>\n\n\n\n<div class=\"wp-block-file\"><a id=\"wp-block-file--media-50f6cb85-9174-4227-afe6-47265a4c013c\" href=\"https:\/\/folklorisce.si\/wp-content\/uploads\/2023\/12\/FOLKLORNA-VAJA-NA-SOLSKEM-IGRISCU-1.docx\">Naloge: Iskanje zaklada<\/a><a href=\"https:\/\/folklorisce.si\/wp-content\/uploads\/2023\/12\/FOLKLORNA-VAJA-NA-SOLSKEM-IGRISCU-1.docx\" class=\"wp-block-file__button wp-element-button\" download aria-describedby=\"wp-block-file--media-50f6cb85-9174-4227-afe6-47265a4c013c\">Download<\/a><\/div>\n<\/div><\/div>\n\n\n\n<div style=\"height:60px\" aria-hidden=\"true\" class=\"wp-block-spacer\"><\/div>\n\n\n\n<div class=\"wp-block-media-text is-stacked-on-mobile\" style=\"grid-template-columns:32% auto\"><figure class=\"wp-block-media-text__media\"><img loading=\"lazy\" decoding=\"async\" width=\"601\" height=\"409\" src=\"https:\/\/folklorisce.si\/wp-content\/uploads\/2023\/12\/V-gozdu.png\" alt=\"\" class=\"wp-image-1097 size-full\" srcset=\"https:\/\/folklorisce.si\/wp-content\/uploads\/2023\/12\/V-gozdu.png 601w, https:\/\/folklorisce.si\/wp-content\/uploads\/2023\/12\/V-gozdu-300x204.png 300w\" sizes=\"auto, (max-width: 601px) 100vw, 601px\" \/><\/figure><div class=\"wp-block-media-text__content\">\n<p>FOLKLORNA VAJA V GOZDU<\/p>\n\n\n\n<div class=\"wp-block-file\"><a id=\"wp-block-file--media-7709fba8-591e-4288-b3b9-657d4c197cfe\" href=\"https:\/\/folklorisce.si\/wp-content\/uploads\/2023\/12\/FOLKLORNA-VAJA-V-GOZDU-1.docx\">Naloge: V gozdu<\/a><a href=\"https:\/\/folklorisce.si\/wp-content\/uploads\/2023\/12\/FOLKLORNA-VAJA-V-GOZDU-1.docx\" class=\"wp-block-file__button wp-element-button\" download aria-describedby=\"wp-block-file--media-7709fba8-591e-4288-b3b9-657d4c197cfe\">Download<\/a><\/div>\n<\/div><\/div>\n\n\n\n<div style=\"height:60px\" aria-hidden=\"true\" class=\"wp-block-spacer\"><\/div>\n\n\n\n<div class=\"wp-block-media-text is-stacked-on-mobile\" style=\"grid-template-columns:32% auto\"><figure class=\"wp-block-media-text__media\"><img loading=\"lazy\" decoding=\"async\" width=\"409\" height=\"280\" src=\"https:\/\/folklorisce.si\/wp-content\/uploads\/2023\/12\/Hulahop-obroci.png\" alt=\"\" class=\"wp-image-1099 size-full\" srcset=\"https:\/\/folklorisce.si\/wp-content\/uploads\/2023\/12\/Hulahop-obroci.png 409w, https:\/\/folklorisce.si\/wp-content\/uploads\/2023\/12\/Hulahop-obroci-300x205.png 300w\" sizes=\"auto, (max-width: 409px) 100vw, 409px\" \/><\/figure><div class=\"wp-block-media-text__content\">\n<p>FOLKLORNA VAJA V TELOVADNICI: HULAHOP OBRO\u010cI<\/p>\n\n\n\n<div class=\"wp-block-file\"><a id=\"wp-block-file--media-403af30e-8e63-4f59-8bd4-fcf81daaac7e\" href=\"https:\/\/folklorisce.si\/wp-content\/uploads\/2023\/12\/FOLKLORNA-VAJA-V-TELOVADNICI-S-HULAHOP-OBROCI-1.docx\">Naloge: Hulahop obro\u010di<\/a><a href=\"https:\/\/folklorisce.si\/wp-content\/uploads\/2023\/12\/FOLKLORNA-VAJA-V-TELOVADNICI-S-HULAHOP-OBROCI-1.docx\" class=\"wp-block-file__button wp-element-button\" download aria-describedby=\"wp-block-file--media-403af30e-8e63-4f59-8bd4-fcf81daaac7e\">Download<\/a><\/div>\n<\/div><\/div>\n\n\n\n<div style=\"height:60px\" aria-hidden=\"true\" class=\"wp-block-spacer\"><\/div>\n\n\n\n<div class=\"wp-block-media-text is-stacked-on-mobile\" style=\"grid-template-columns:30% auto\"><figure class=\"wp-block-media-text__media\"><img loading=\"lazy\" decoding=\"async\" width=\"1024\" height=\"684\" src=\"https:\/\/folklorisce.si\/wp-content\/uploads\/2024\/01\/DSC_0730-1024x684.jpg\" alt=\"\" class=\"wp-image-1375 size-full\" srcset=\"https:\/\/folklorisce.si\/wp-content\/uploads\/2024\/01\/DSC_0730-1024x684.jpg 1024w, https:\/\/folklorisce.si\/wp-content\/uploads\/2024\/01\/DSC_0730-300x200.jpg 300w, https:\/\/folklorisce.si\/wp-content\/uploads\/2024\/01\/DSC_0730-768x513.jpg 768w, https:\/\/folklorisce.si\/wp-content\/uploads\/2024\/01\/DSC_0730-1536x1025.jpg 1536w, https:\/\/folklorisce.si\/wp-content\/uploads\/2024\/01\/DSC_0730-2048x1367.jpg 2048w, https:\/\/folklorisce.si\/wp-content\/uploads\/2024\/01\/DSC_0730-600x401.jpg 600w\" sizes=\"auto, (max-width: 1024px) 100vw, 1024px\" \/><\/figure><div class=\"wp-block-media-text__content\">\n<p>SPLETNE IGRE S FOLKLORNO VSEBINO<\/p>\n\n\n\n<div class=\"wp-block-columns is-layout-flex wp-container-core-columns-is-layout-9d6595d7 wp-block-columns-is-layout-flex\">\n<div class=\"wp-block-column is-layout-flow wp-block-column-is-layout-flow\" style=\"flex-basis:100%\">\n<div class=\"wp-block-group\"><div class=\"wp-block-group__inner-container is-layout-constrained wp-block-group-is-layout-constrained\">\n<div class=\"wp-block-file\"><a id=\"wp-block-file--media-34fda3eb-003a-4548-97e9-36563581592b\" href=\"https:\/\/folklorisce.si\/wp-content\/uploads\/2024\/01\/SPLETNE-IGRE-S-FOLKLORNO-VSEBINO.pdf\">Dokument s povezavami <\/a><a href=\"https:\/\/folklorisce.si\/wp-content\/uploads\/2024\/01\/SPLETNE-IGRE-S-FOLKLORNO-VSEBINO.pdf\" class=\"wp-block-file__button wp-element-button\" download aria-describedby=\"wp-block-file--media-34fda3eb-003a-4548-97e9-36563581592b\">Download<\/a><\/div>\n<\/div><\/div>\n<\/div>\n<\/div>\n<\/div><\/div>\n","protected":false},"excerpt":{"rendered":"<p>Pripravila: Ur\u0161a Kavar<\/p>\n","protected":false},"author":1,"featured_media":0,"parent":0,"menu_order":0,"comment_status":"closed","ping_status":"closed","template":"","meta":{"footnotes":""},"class_list":["post-950","page","type-page","status-publish","hentry"],"_links":{"self":[{"href":"https:\/\/folklorisce.si\/index.php?rest_route=\/wp\/v2\/pages\/950","targetHints":{"allow":["GET"]}}],"collection":[{"href":"https:\/\/folklorisce.si\/index.php?rest_route=\/wp\/v2\/pages"}],"about":[{"href":"https:\/\/folklorisce.si\/index.php?rest_route=\/wp\/v2\/types\/page"}],"author":[{"embeddable":true,"href":"https:\/\/folklorisce.si\/index.php?rest_route=\/wp\/v2\/users\/1"}],"replies":[{"embeddable":true,"href":"https:\/\/folklorisce.si\/index.php?rest_route=%2Fwp%2Fv2%2Fcomments&post=950"}],"version-history":[{"count":5,"href":"https:\/\/folklorisce.si\/index.php?rest_route=\/wp\/v2\/pages\/950\/revisions"}],"predecessor-version":[{"id":1378,"href":"https:\/\/folklorisce.si\/index.php?rest_route=\/wp\/v2\/pages\/950\/revisions\/1378"}],"wp:attachment":[{"href":"https:\/\/folklorisce.si\/index.php?rest_route=%2Fwp%2Fv2%2Fmedia&parent=950"}],"curies":[{"name":"wp","href":"https:\/\/api.w.org\/{rel}","templated":true}]}}