{"id":948,"date":"2023-02-13T20:20:04","date_gmt":"2023-02-13T20:20:04","guid":{"rendered":"https:\/\/folklorisce.si\/?page_id=948"},"modified":"2024-01-05T10:23:19","modified_gmt":"2024-01-05T10:23:19","slug":"ucne-priprave-za-1-triado","status":"publish","type":"page","link":"https:\/\/folklorisce.si\/?page_id=948","title":{"rendered":"U\u010cNE PRIPRAVE ZA 1. TRIADO"},"content":{"rendered":"\n<p>Pripravila: Barbara Waldhutter<\/p>\n\n\n\n<figure class=\"wp-block-image size-large\"><img loading=\"lazy\" decoding=\"async\" width=\"1024\" height=\"684\" src=\"https:\/\/folklorisce.si\/wp-content\/uploads\/2023\/12\/DSC_0053-1024x684.jpg\" alt=\"\" class=\"wp-image-1142\" srcset=\"https:\/\/folklorisce.si\/wp-content\/uploads\/2023\/12\/DSC_0053-1024x684.jpg 1024w, https:\/\/folklorisce.si\/wp-content\/uploads\/2023\/12\/DSC_0053-300x200.jpg 300w, https:\/\/folklorisce.si\/wp-content\/uploads\/2023\/12\/DSC_0053-768x513.jpg 768w, https:\/\/folklorisce.si\/wp-content\/uploads\/2023\/12\/DSC_0053-1536x1025.jpg 1536w, https:\/\/folklorisce.si\/wp-content\/uploads\/2023\/12\/DSC_0053-2048x1367.jpg 2048w, https:\/\/folklorisce.si\/wp-content\/uploads\/2023\/12\/DSC_0053-600x401.jpg 600w\" sizes=\"auto, (max-width: 1024px) 100vw, 1024px\" \/><\/figure>\n\n\n\n<div style=\"height:47px\" aria-hidden=\"true\" class=\"wp-block-spacer\"><\/div>\n\n\n\n<p>V nadaljevanju je prilo\u017eenih 10 priprav za za\u010detke pri folklornem kro\u017eku za I. triado. Te priprave lahko uporabite tudi za vi\u0161je razrede, sploh \u010de so otroci \u0161e za\u010detniki. V prvih petih urah je predstavljenih nekaj vaj za razvoj ritma, refleksa in obvladovanje prostora, vaj za krepitev samozavesti,&nbsp; ustvarjalnosti in spro\u0161\u010denosti, vaj za glasbeni ritem in enakomernost dobe. Nujno je, da te vaje delate prav pri vseh urah. \u010ceprav jih otroci v petih urah \u0161e ne bodo ponotranjili, so te vaje nujno potrebne, preden se lotite u\u010denja prvih plesnih korakov. Ko bodo otroci dobro razvili ob\u010dutek za ritem, refleks in ob\u010dutek za prostor, za\u010dnite u\u010diti posamezne plese. V preostalih petih pripravah pa boste na\u0161li napotke za metodi\u010dno u\u010denje nekaterih preprostih plesov ter rajalnih iger in njihove prilagoditve starosti in sposobnostim otrok.<\/p>\n\n\n\n<p>To so samo ideje, ki jih lahko poljubno dopolnite, spremenite, nadgradite. <\/p>\n\n\n\n<div style=\"height:32px\" aria-hidden=\"true\" class=\"wp-block-spacer\"><\/div>\n\n\n\n<div class=\"wp-block-file\"><a id=\"wp-block-file--media-570cfdc4-f33f-47ea-9ee5-3b486327ffa4\" href=\"https:\/\/folklorisce.si\/wp-content\/uploads\/2023\/11\/1.-URA_ZACNIMO-Z-OSNOVAMI-VSAKEGA-PLESA.pdf\">1. URA: ZA\u010cNIMO Z OSNOVAMI VSAKEGA PLESA<\/a><a href=\"https:\/\/folklorisce.si\/wp-content\/uploads\/2023\/11\/1.-URA_ZACNIMO-Z-OSNOVAMI-VSAKEGA-PLESA.pdf\" class=\"wp-block-file__button wp-element-button\" download aria-describedby=\"wp-block-file--media-570cfdc4-f33f-47ea-9ee5-3b486327ffa4\">Download<\/a><\/div>\n\n\n\n<div style=\"height:30px\" aria-hidden=\"true\" class=\"wp-block-spacer\"><\/div>\n\n\n\n<div class=\"wp-block-file\"><a id=\"wp-block-file--media-aa4078f5-925a-48c3-8ea5-9ee02ad52d1a\" href=\"https:\/\/folklorisce.si\/wp-content\/uploads\/2023\/11\/2.-URA_RAZVIJANJE-TELESNEGA-RITMA.pdf\">2. URA: RAZVIJANJE TELESNEGA RITMA<\/a><a href=\"https:\/\/folklorisce.si\/wp-content\/uploads\/2023\/11\/2.-URA_RAZVIJANJE-TELESNEGA-RITMA.pdf\" class=\"wp-block-file__button wp-element-button\" download aria-describedby=\"wp-block-file--media-aa4078f5-925a-48c3-8ea5-9ee02ad52d1a\">Download<\/a><\/div>\n\n\n\n<div style=\"height:30px\" aria-hidden=\"true\" class=\"wp-block-spacer\"><\/div>\n\n\n\n<div class=\"wp-block-file\"><a id=\"wp-block-file--media-958ddaa0-a690-4116-ac66-8f6f9c39cd64\" href=\"https:\/\/folklorisce.si\/wp-content\/uploads\/2023\/11\/3.-URA_RAZVIJANJE-USTVARJALNOSTI-IN-IMITIRANJA-lektMV.pdf\">3. URA: RAZVIJANJE USTVARJALNOSTI IN IMITIRANJA<\/a><a href=\"https:\/\/folklorisce.si\/wp-content\/uploads\/2023\/11\/3.-URA_RAZVIJANJE-USTVARJALNOSTI-IN-IMITIRANJA-lektMV.pdf\" class=\"wp-block-file__button wp-element-button\" download aria-describedby=\"wp-block-file--media-958ddaa0-a690-4116-ac66-8f6f9c39cd64\">Download<\/a><\/div>\n\n\n\n<div style=\"height:30px\" aria-hidden=\"true\" class=\"wp-block-spacer\"><\/div>\n\n\n\n<div class=\"wp-block-file\"><a id=\"wp-block-file--media-ad967111-63a9-4123-8ec3-9d14b6c1b09a\" href=\"https:\/\/folklorisce.si\/wp-content\/uploads\/2023\/11\/4.-URA_RAZVIJANJE-GLASBENEGA-RITMA.pdf\">4. URA: RAZVIJANJE GLASBENEGA RITMA<\/a><a href=\"https:\/\/folklorisce.si\/wp-content\/uploads\/2023\/11\/4.-URA_RAZVIJANJE-GLASBENEGA-RITMA.pdf\" class=\"wp-block-file__button wp-element-button\" download aria-describedby=\"wp-block-file--media-ad967111-63a9-4123-8ec3-9d14b6c1b09a\">Download<\/a><\/div>\n\n\n\n<div style=\"height:30px\" aria-hidden=\"true\" class=\"wp-block-spacer\"><\/div>\n\n\n\n<div class=\"wp-block-file\"><a id=\"wp-block-file--media-37908b97-e26b-4ec7-851e-28a824025624\" href=\"https:\/\/folklorisce.si\/wp-content\/uploads\/2023\/11\/5.-URA_RAZVIJANJE-PLESNE-TEHNIKE.pdf\">5. URA: RAZVIJANJE PLESNE TEHNIKE<\/a><a href=\"https:\/\/folklorisce.si\/wp-content\/uploads\/2023\/11\/5.-URA_RAZVIJANJE-PLESNE-TEHNIKE.pdf\" class=\"wp-block-file__button wp-element-button\" download aria-describedby=\"wp-block-file--media-37908b97-e26b-4ec7-851e-28a824025624\">Download<\/a><\/div>\n\n\n\n<div style=\"height:30px\" aria-hidden=\"true\" class=\"wp-block-spacer\"><\/div>\n\n\n\n<div class=\"wp-block-file\"><a id=\"wp-block-file--media-6c209042-e683-40ae-bb90-d0fd3fa9302c\" href=\"https:\/\/folklorisce.si\/wp-content\/uploads\/2023\/11\/6.-URA_METODICNO-UCENJE-PLESA-TO-JE-TISTA-MUHA.pdf\">6. URA: METODI\u010cNO U\u010cENJE PLESA TO JE TISTA MUHA<\/a><a href=\"https:\/\/folklorisce.si\/wp-content\/uploads\/2023\/11\/6.-URA_METODICNO-UCENJE-PLESA-TO-JE-TISTA-MUHA.pdf\" class=\"wp-block-file__button wp-element-button\" download aria-describedby=\"wp-block-file--media-6c209042-e683-40ae-bb90-d0fd3fa9302c\">Download<\/a><\/div>\n\n\n\n<div style=\"height:30px\" aria-hidden=\"true\" class=\"wp-block-spacer\"><\/div>\n\n\n\n<div class=\"wp-block-file\"><a id=\"wp-block-file--media-35073977-724c-4075-83b6-2a4e64388d20\" href=\"https:\/\/folklorisce.si\/wp-content\/uploads\/2023\/11\/7.-URA_METODICNO-UCENJE-PLESA-RASPLA.pdf\">7. URA: METODI\u010cNO U\u010cENJE PLESA RA\u0160PLA<\/a><a href=\"https:\/\/folklorisce.si\/wp-content\/uploads\/2023\/11\/7.-URA_METODICNO-UCENJE-PLESA-RASPLA.pdf\" class=\"wp-block-file__button wp-element-button\" download aria-describedby=\"wp-block-file--media-35073977-724c-4075-83b6-2a4e64388d20\">Download<\/a><\/div>\n\n\n\n<div style=\"height:30px\" aria-hidden=\"true\" class=\"wp-block-spacer\"><\/div>\n\n\n\n<div class=\"wp-block-file\"><a id=\"wp-block-file--media-74599695-6962-431e-839a-94bf2cc14bc6\" href=\"https:\/\/folklorisce.si\/wp-content\/uploads\/2023\/11\/8.-URA_METODICNO-UCENJE-PLESA-DEKLE-RAZPOSAJENO.pdf\">8. URA: METODI\u010cNO U\u010cENJE PLESA DEKLE RAZPOSAJENO<\/a><a href=\"https:\/\/folklorisce.si\/wp-content\/uploads\/2023\/11\/8.-URA_METODICNO-UCENJE-PLESA-DEKLE-RAZPOSAJENO.pdf\" class=\"wp-block-file__button wp-element-button\" download aria-describedby=\"wp-block-file--media-74599695-6962-431e-839a-94bf2cc14bc6\">Download<\/a><\/div>\n\n\n\n<div style=\"height:30px\" aria-hidden=\"true\" class=\"wp-block-spacer\"><\/div>\n\n\n\n<div class=\"wp-block-file\"><a id=\"wp-block-file--media-8c08f2d8-87fd-4b4f-841d-631bdb101a78\" href=\"https:\/\/folklorisce.si\/wp-content\/uploads\/2023\/11\/9.-URA_METODICNO-UCENJE-ZIBENSRITA.pdf\">9. URA: METODI\u010cNO U\u010cENJE ZIBEN\u0160RITA<\/a><a href=\"https:\/\/folklorisce.si\/wp-content\/uploads\/2023\/11\/9.-URA_METODICNO-UCENJE-ZIBENSRITA.pdf\" class=\"wp-block-file__button wp-element-button\" download aria-describedby=\"wp-block-file--media-8c08f2d8-87fd-4b4f-841d-631bdb101a78\">Download<\/a><\/div>\n\n\n\n<div style=\"height:30px\" aria-hidden=\"true\" class=\"wp-block-spacer\"><\/div>\n\n\n\n<div class=\"wp-block-file\"><a id=\"wp-block-file--media-4cdb0552-99b3-41bf-9da4-dd8771f2dc5f\" href=\"https:\/\/folklorisce.si\/wp-content\/uploads\/2023\/11\/10.-URA_PETE-IGRE-IN-PLESI.pdf\">10. URA: PETE IGRE IN PLESI<\/a><a href=\"https:\/\/folklorisce.si\/wp-content\/uploads\/2023\/11\/10.-URA_PETE-IGRE-IN-PLESI.pdf\" class=\"wp-block-file__button wp-element-button\" download aria-describedby=\"wp-block-file--media-4cdb0552-99b3-41bf-9da4-dd8771f2dc5f\">Download<\/a><\/div>\n","protected":false},"excerpt":{"rendered":"<p>Pripravila: Barbara Waldhutter V nadaljevanju je prilo\u017eenih 10 priprav za za\u010detke pri folklornem kro\u017eku za I. triado. Te priprave lahko [&hellip;]<\/p>\n","protected":false},"author":1,"featured_media":0,"parent":0,"menu_order":0,"comment_status":"closed","ping_status":"closed","template":"","meta":{"footnotes":""},"class_list":["post-948","page","type-page","status-publish","hentry"],"_links":{"self":[{"href":"https:\/\/folklorisce.si\/index.php?rest_route=\/wp\/v2\/pages\/948","targetHints":{"allow":["GET"]}}],"collection":[{"href":"https:\/\/folklorisce.si\/index.php?rest_route=\/wp\/v2\/pages"}],"about":[{"href":"https:\/\/folklorisce.si\/index.php?rest_route=\/wp\/v2\/types\/page"}],"author":[{"embeddable":true,"href":"https:\/\/folklorisce.si\/index.php?rest_route=\/wp\/v2\/users\/1"}],"replies":[{"embeddable":true,"href":"https:\/\/folklorisce.si\/index.php?rest_route=%2Fwp%2Fv2%2Fcomments&post=948"}],"version-history":[{"count":10,"href":"https:\/\/folklorisce.si\/index.php?rest_route=\/wp\/v2\/pages\/948\/revisions"}],"predecessor-version":[{"id":1251,"href":"https:\/\/folklorisce.si\/index.php?rest_route=\/wp\/v2\/pages\/948\/revisions\/1251"}],"wp:attachment":[{"href":"https:\/\/folklorisce.si\/index.php?rest_route=%2Fwp%2Fv2%2Fmedia&parent=948"}],"curies":[{"name":"wp","href":"https:\/\/api.w.org\/{rel}","templated":true}]}}