{"id":946,"date":"2023-02-13T20:19:01","date_gmt":"2023-02-13T20:19:01","guid":{"rendered":"https:\/\/folklorisce.si\/?page_id=946"},"modified":"2024-01-03T13:02:04","modified_gmt":"2024-01-03T13:02:04","slug":"priprava-preproste-koreografije","status":"publish","type":"page","link":"https:\/\/folklorisce.si\/?page_id=946","title":{"rendered":"PRIPRAVA PREPROSTE KOREOGRAFIJE"},"content":{"rendered":"\n<p><strong>OSNOVNI NAPOTKI ZA PRIPRAVO KOREOGRAFIJE<\/strong><\/p>\n\n\n\n<p><strong>\u00a0<\/strong>Pripravila: Barbara Waldhutter<\/p>\n\n\n\n<figure class=\"wp-block-image size-large\"><img loading=\"lazy\" decoding=\"async\" width=\"1024\" height=\"683\" src=\"https:\/\/folklorisce.si\/wp-content\/uploads\/2023\/12\/DSC_0227-1024x683.jpg\" alt=\"\" class=\"wp-image-1138\" srcset=\"https:\/\/folklorisce.si\/wp-content\/uploads\/2023\/12\/DSC_0227-1024x683.jpg 1024w, https:\/\/folklorisce.si\/wp-content\/uploads\/2023\/12\/DSC_0227-300x200.jpg 300w, https:\/\/folklorisce.si\/wp-content\/uploads\/2023\/12\/DSC_0227-768x512.jpg 768w, https:\/\/folklorisce.si\/wp-content\/uploads\/2023\/12\/DSC_0227-1536x1024.jpg 1536w, https:\/\/folklorisce.si\/wp-content\/uploads\/2023\/12\/DSC_0227-2048x1365.jpg 2048w, https:\/\/folklorisce.si\/wp-content\/uploads\/2023\/12\/DSC_0227-600x400.jpg 600w\" sizes=\"auto, (max-width: 1024px) 100vw, 1024px\" \/><\/figure>\n\n\n\n<div style=\"height:49px\" aria-hidden=\"true\" class=\"wp-block-spacer\"><\/div>\n\n\n\n<ul class=\"wp-block-list\">\n<li>Ko bodo otroci \u017ee poznali nekaj preprostih plesov in rajalnih iger ter pridobili ob\u010dutek za ritem in prostor, lahko za\u010dnete razmi\u0161ljati o preprosti koreografiji.<\/li>\n\n\n\n<li>Najprej se odlo\u010dite, kaj bo rde\u010da nit va\u0161e koreografije. To je lahko pesmica, ki se ustrezno dopolnjuje s plesi, ali pa so to kak\u0161ni pregovori oziroma iz\u0161tevanke. Rde\u010da nit je lahko tudi kak\u0161na igra iz otro\u0161ke ljudske zakladnice. Dobre primere koreografij, ki so primerne tudi za mlaj\u0161e otroke, najdete v knjigi <em>Pikapolonica, hvala za zlato kolo!<\/em> avtorice Ne\u017eke Lubej.<\/li>\n\n\n\n<li>Odrsko postavitev, pozicije in razli\u010dne formacije plesov najprej sestavite na papirju in \u0161ele nato za\u010dnite u\u010diti otroke.<\/li>\n\n\n\n<li>Izberite ples (ali najve\u010d dva), ki ga otroci \u017ee dobro obvladajo, in ga vklju\u010dite v postavitev.<\/li>\n\n\n\n<li>Koreografija naj ne bo predolga in naj bo za za\u010detek enostavna. \u010ce ste komaj za\u010deli s folklornim kro\u017ekom, bo 3\u20134 minute dovolj.<\/li>\n\n\n\n<li>Postavitev naj bo \u010dim bolj razgibana, v\u0161e\u010dna gledalcu, vendar pripravljena tako, da jo bodo otroci zmogli odplesati, da bodo spro\u0161\u010deni pri izvajanju posameznih elementov ter da se bodo med nastopom zabavali in se dobro po\u010dutili.<\/li>\n\n\n\n<li>Plesalci lahko dobro obvladajo korake in odrsko postavitev, so pa pri izvedbi lahko brezizrazni. Njihov nastop bo zato precej slab\u0161i od nastopa tistih plesalcev, ki poznajo samo nekaj osnovnih korakov. Zato je pomembno, da plesalcem pri izvedbi iz o\u010di sijeta energija in navdu\u0161enje.<\/li>\n\n\n\n<li>Otroci morajo biti na nastop dobro pripravljeni, sicer ne bodo spro\u0161\u010deni. Za utrjevanje koreografije si zato vzemite dovolj \u010dasa.<\/li>\n\n\n\n<li>Ve\u010d \u010dasa posvetite odrski igri otrok, razlo\u010dnemu, dovolj glasnemu govoru ali petju, samozavesti. To so klju\u010dne ve\u0161\u010dine, ki so potrebne, da se bodo otroci na odru izkazali in bili prepri\u010dljivi.<\/li>\n\n\n\n<li>\u010ce imate med otroki godca, mu priskrbite ustrezne note. \u010ce hodi v glasbeno \u0161olo, lahko za priredbo prosi tudi svojega u\u010ditelja ali pa za pomo\u010d prosite u\u010diteljico oziroma u\u010ditelja glasbe.<\/li>\n\n\n\n<li>Notne zapise za vse plese ter podrobne opise plesov, ki so predstavljeni v pripravah, najdete v knjigah <em>Polka je ukazana<\/em> avtorja Mirka Ramov\u0161a.<\/li>\n\n\n\n<li>Tudi pri u\u010denju petja lahko za pomo\u010d prosite u\u010diteljico oziroma u\u010ditelja glasbe.<\/li>\n\n\n\n<li>\u010ce godca nimate ves \u010das na razpolago, melodije posnemite, da boste lahko nanje plesali.<\/li>\n\n\n\n<li>Udele\u017eujte se \u010dim ve\u010d seminarjev na temo folklorne dejavnosti. Prav tako si oglejte \u010dim ve\u010d folklornih prireditev in revij. Tudi literature in videoposnetkov na to temo je zelo veliko. Tako boste dobili veliko novih in zanimivih idej za pripravo lastne koreografije.<\/li>\n\n\n\n<li>\u010ceprav so za\u010detki lahko te\u017eki, sploh \u010de za\u010denjate iz ni\u010d, verjemite, da bodo va\u0161 trud, ljubezen do otrok in folklorne dejavnosti ter vztrajnost in doslednost na vajah bogato popla\u010dani z navdu\u0161enjem in napredkom otrok, nenazadnje pa tudi z zavedanjem, da ste dodali svoj prispevek k spoznavanju slovenske kulturne dedi\u0161\u010dine, plesov, iger in \u0161eg.<\/li>\n<\/ul>\n","protected":false},"excerpt":{"rendered":"<p>OSNOVNI NAPOTKI ZA PRIPRAVO KOREOGRAFIJE \u00a0Pripravila: Barbara Waldhutter<\/p>\n","protected":false},"author":1,"featured_media":0,"parent":0,"menu_order":0,"comment_status":"closed","ping_status":"closed","template":"","meta":{"footnotes":""},"class_list":["post-946","page","type-page","status-publish","hentry"],"_links":{"self":[{"href":"https:\/\/folklorisce.si\/index.php?rest_route=\/wp\/v2\/pages\/946","targetHints":{"allow":["GET"]}}],"collection":[{"href":"https:\/\/folklorisce.si\/index.php?rest_route=\/wp\/v2\/pages"}],"about":[{"href":"https:\/\/folklorisce.si\/index.php?rest_route=\/wp\/v2\/types\/page"}],"author":[{"embeddable":true,"href":"https:\/\/folklorisce.si\/index.php?rest_route=\/wp\/v2\/users\/1"}],"replies":[{"embeddable":true,"href":"https:\/\/folklorisce.si\/index.php?rest_route=%2Fwp%2Fv2%2Fcomments&post=946"}],"version-history":[{"count":3,"href":"https:\/\/folklorisce.si\/index.php?rest_route=\/wp\/v2\/pages\/946\/revisions"}],"predecessor-version":[{"id":1140,"href":"https:\/\/folklorisce.si\/index.php?rest_route=\/wp\/v2\/pages\/946\/revisions\/1140"}],"wp:attachment":[{"href":"https:\/\/folklorisce.si\/index.php?rest_route=%2Fwp%2Fv2%2Fmedia&parent=946"}],"curies":[{"name":"wp","href":"https:\/\/api.w.org\/{rel}","templated":true}]}}