{"id":944,"date":"2023-02-13T20:16:28","date_gmt":"2023-02-13T20:16:28","guid":{"rendered":"https:\/\/folklorisce.si\/?page_id=944"},"modified":"2024-01-03T13:01:32","modified_gmt":"2024-01-03T13:01:32","slug":"kako-zaceti","status":"publish","type":"page","link":"https:\/\/folklorisce.si\/?page_id=944","title":{"rendered":"KAKO ZA\u010cETI"},"content":{"rendered":"\n<p><strong>NEKAJ NAPOTKOV ZA VSE, KI SE PRVI\u010c SRE\u010cUJETE S FOLKLORNO DEJAVNOSTJO V OSNOVNI \u0160OLI<\/strong><\/p>\n\n\n\n<p>Pripravila: Barbara Waldutter<\/p>\n\n\n\n<figure class=\"wp-block-image size-large\"><img loading=\"lazy\" decoding=\"async\" width=\"1024\" height=\"683\" src=\"https:\/\/folklorisce.si\/wp-content\/uploads\/2023\/12\/DSC_0063Destrnik-1024x683.jpg\" alt=\"\" class=\"wp-image-1136\" srcset=\"https:\/\/folklorisce.si\/wp-content\/uploads\/2023\/12\/DSC_0063Destrnik-1024x683.jpg 1024w, https:\/\/folklorisce.si\/wp-content\/uploads\/2023\/12\/DSC_0063Destrnik-300x200.jpg 300w, https:\/\/folklorisce.si\/wp-content\/uploads\/2023\/12\/DSC_0063Destrnik-768x512.jpg 768w, https:\/\/folklorisce.si\/wp-content\/uploads\/2023\/12\/DSC_0063Destrnik-1536x1024.jpg 1536w, https:\/\/folklorisce.si\/wp-content\/uploads\/2023\/12\/DSC_0063Destrnik-2048x1365.jpg 2048w, https:\/\/folklorisce.si\/wp-content\/uploads\/2023\/12\/DSC_0063Destrnik-600x400.jpg 600w\" sizes=\"auto, (max-width: 1024px) 100vw, 1024px\" \/><\/figure>\n\n\n\n<div style=\"height:52px\" aria-hidden=\"true\" class=\"wp-block-spacer\"><\/div>\n\n\n\n<ul class=\"wp-block-list\">\n<li><em>Zelo pomembno je, kak\u0161en odnos oziroma pristop imate sami kot vodja, mentor folklornega kro\u017eka.<\/em><\/li>\n\n\n\n<li><em>\u010ce boste vi pokazali navdu\u0161enost in naklonjenost do folklorne dejavnosti, boste pritegnili tudi otroke. <\/em><\/li>\n\n\n\n<li><em>Bodite \u010dim bolj ustvarjalni, zanimivi.<\/em><\/li>\n\n\n\n<li><em>Vzdu\u0161je pri uri naj bo spro\u0161\u010deno, otroci naj se dobro po\u010dutijo.<\/em><\/li>\n\n\n\n<li><em>Dajte jim ob\u010dutek, da lahko brez sramu poka\u017eejo vse, kar znajo in predvsem zmorejo.<\/em><\/li>\n\n\n\n<li><em>Zavedajte se, da otroku \u017ee vsak manj\u0161i uspeh veliko pomeni, izbolj\u0161a njegovo samopodobo in mu da novo motivacijo za ples.<\/em><\/li>\n\n\n\n<li><em>Nastop ob koncu leta naj ne bo glavni cilj, temve\u010d le \u010de\u0161nja na vrhu torte. Pomembna je predvsem pot do cilja.<\/em><\/li>\n<\/ul>\n\n\n\n<div style=\"height:42px\" aria-hidden=\"true\" class=\"wp-block-spacer\"><\/div>\n\n\n\n<p><strong>DR\u017dITE SE NASLEDNJIH NA\u010cEL<\/strong><\/p>\n\n\n\n<ul class=\"wp-block-list\">\n<li><em>Manj je ve\u010d! Bodite potrpe\u017eljivi. Dobre osnove za kasnej\u0161e u\u010denje plesov so zelo pomembne, zato naj vam ne bo \u0161koda \u010dasa in ur, ki jih boste porabili za u\u010denje in razvijanje ritma in plesnosti.<\/em><\/li>\n\n\n\n<li><em>Dr\u017eite se na\u010del postopnosti in sistemati\u010dnosti.<\/em><\/li>\n\n\n\n<li><em>Pomembno je, da greste vedno od preprostega k zahtevnej\u0161emu in od znanega k neznanemu.<\/em><\/li>\n\n\n\n<li><em>Prilagodite delo v kro\u017eku razvojni stopnji otrok in njihovi individualnosti.<\/em><\/li>\n<\/ul>\n\n\n\n<div style=\"height:40px\" aria-hidden=\"true\" class=\"wp-block-spacer\"><\/div>\n\n\n\n<div class=\"wp-block-media-text has-media-on-the-right is-stacked-on-mobile\" style=\"grid-template-columns:auto 33%\"><div class=\"wp-block-media-text__content\">\n<p><strong>KAKO SE LOTITI DELA<\/strong><\/p>\n\n\n\n<ul class=\"wp-block-list\">\n<li><em>Najprej se morate sami dobro nau\u010diti vaj za ritem in plesnost ter kasneje ples, ki ga boste u\u010dili.<\/em><\/li>\n\n\n\n<li><em>Ples raz\u010dlenite na manj\u0161e enote: za\u010dnite s posameznimi gibi oziroma koraki, iz katerih je sestavljen.<\/em><\/li>\n\n\n\n<li><em>Ritmi\u010dna struktura plesa je zelo pomembna, zato za\u010dnite otroke u\u010diti s ploski in drugimi gibi.<\/em><\/li>\n\n\n\n<li><em>Ne postavljajte otrok v pare, dokler jih u\u010dite posamezne plesne dele.<\/em><\/li>\n\n\n\n<li><em>Ko otroci dobro obvladajo posamezne dele, te strnite v celoto skupaj z glasbeno spremljavo.<\/em><\/li>\n\n\n\n<li><em>Ves \u010das prijazno in dosledno popravljajte napake skupine in posameznikov.<\/em><\/li>\n\n\n\n<li><em>Glasbenika, ki bi spremljal skupino, pogosto nimate na razpolago, kar pa ni ni\u010d hudega. Glasbo vam lahko kdo posname, lahko pojete tudi sami, pa tudi na spletu boste na\u0161li veliko posnetkov, ki vam bodo v pomo\u010d pri delu. Za dajanje ritma lahko uporabite razli\u010dna zvo\u010dila, ki jih imate v \u0161oli. Lahko jih z otroki izdelate tudi sami. Otroci bodo navdu\u0161eni.<\/em><\/li>\n<\/ul>\n<\/div><figure class=\"wp-block-media-text__media\"><img loading=\"lazy\" decoding=\"async\" width=\"1024\" height=\"683\" src=\"https:\/\/folklorisce.si\/wp-content\/uploads\/2024\/01\/DSC_0722-1024x683.jpg\" alt=\"\" class=\"wp-image-1245 size-full\" srcset=\"https:\/\/folklorisce.si\/wp-content\/uploads\/2024\/01\/DSC_0722-1024x683.jpg 1024w, https:\/\/folklorisce.si\/wp-content\/uploads\/2024\/01\/DSC_0722-300x200.jpg 300w, https:\/\/folklorisce.si\/wp-content\/uploads\/2024\/01\/DSC_0722-768x512.jpg 768w, https:\/\/folklorisce.si\/wp-content\/uploads\/2024\/01\/DSC_0722-1536x1024.jpg 1536w, https:\/\/folklorisce.si\/wp-content\/uploads\/2024\/01\/DSC_0722-2048x1365.jpg 2048w, https:\/\/folklorisce.si\/wp-content\/uploads\/2024\/01\/DSC_0722-600x400.jpg 600w\" sizes=\"auto, (max-width: 1024px) 100vw, 1024px\" \/><\/figure><\/div>\n\n\n\n<div style=\"height:40px\" aria-hidden=\"true\" class=\"wp-block-spacer\"><\/div>\n\n\n\n<p><strong>S katero literaturo si lahko pomagate<\/strong><\/p>\n\n\n\n<ul class=\"wp-block-list\">\n<li>Iko Otrin, 2000: <em>La la bum: plesna abeceda za za\u010detnike<\/em>. Ljubljana: Sklad RS za ljubiteljske kulturne dejavnosti.<\/li>\n\n\n\n<li>Ne\u017eka Lubej, 1997: <em>Pikapolonica, hvala za zlato kolo!: otro\u0161ke igre in plesi<\/em>. Maribor: Zveza kulturnih organizacij.<\/li>\n\n\n\n<li>Nina Novak, Ne\u017eka Lubej in Mojca Kmetec, 2021:<em> Priro\u010dnik za otro\u0161ko ljudsko izro\u010dilo v \u0161oli:&nbsp;Sija, bija kam pa gre?<\/em>. Maribor: Zveza kulturnih dru\u0161tev.<\/li>\n\n\n\n<li>Marija Vogelnik (ur.), 1990: <em>Ura je ena, medved \u0161e spi: slovenske ljudske na\u0161tevanke, od\u0161tevanke in iz\u0161tevanke, igre in poigranke, nagajivke in posmehulje<\/em>. Ljubljana: Mladinska knjiga.<\/li>\n<\/ul>\n\n\n\n<div style=\"height:34px\" aria-hidden=\"true\" class=\"wp-block-spacer\"><\/div>\n\n\n\n<p><\/p>\n","protected":false},"excerpt":{"rendered":"<p>NEKAJ NAPOTKOV ZA VSE, KI SE PRVI\u010c SRE\u010cUJETE S FOLKLORNO DEJAVNOSTJO V OSNOVNI \u0160OLI Pripravila: Barbara Waldutter DR\u017dITE SE NASLEDNJIH [&hellip;]<\/p>\n","protected":false},"author":1,"featured_media":0,"parent":0,"menu_order":0,"comment_status":"closed","ping_status":"closed","template":"","meta":{"footnotes":""},"class_list":["post-944","page","type-page","status-publish","hentry"],"_links":{"self":[{"href":"https:\/\/folklorisce.si\/index.php?rest_route=\/wp\/v2\/pages\/944","targetHints":{"allow":["GET"]}}],"collection":[{"href":"https:\/\/folklorisce.si\/index.php?rest_route=\/wp\/v2\/pages"}],"about":[{"href":"https:\/\/folklorisce.si\/index.php?rest_route=\/wp\/v2\/types\/page"}],"author":[{"embeddable":true,"href":"https:\/\/folklorisce.si\/index.php?rest_route=\/wp\/v2\/users\/1"}],"replies":[{"embeddable":true,"href":"https:\/\/folklorisce.si\/index.php?rest_route=%2Fwp%2Fv2%2Fcomments&post=944"}],"version-history":[{"count":9,"href":"https:\/\/folklorisce.si\/index.php?rest_route=\/wp\/v2\/pages\/944\/revisions"}],"predecessor-version":[{"id":1250,"href":"https:\/\/folklorisce.si\/index.php?rest_route=\/wp\/v2\/pages\/944\/revisions\/1250"}],"wp:attachment":[{"href":"https:\/\/folklorisce.si\/index.php?rest_route=%2Fwp%2Fv2%2Fmedia&parent=944"}],"curies":[{"name":"wp","href":"https:\/\/api.w.org\/{rel}","templated":true}]}}