{"id":940,"date":"2023-02-13T20:12:42","date_gmt":"2023-02-13T20:12:42","guid":{"rendered":"https:\/\/folklorisce.si\/?page_id=940"},"modified":"2024-01-05T10:25:58","modified_gmt":"2024-01-05T10:25:58","slug":"splosno-o-plesu-in-poucevanju-plesa","status":"publish","type":"page","link":"https:\/\/folklorisce.si\/?page_id=940","title":{"rendered":"SPLO\u0160NO O PLESU IN POU\u010cEVANJU PLESA"},"content":{"rendered":"<p>Pripravila: Nina Ma\u017egon M\u00fcller<\/p>\n<p><strong>SEZNAM LITERATURE<\/strong><\/p>\n<p>Bla\u017ei\u010d, Marjan, Milena Ivanu\u0161 Grmek, Martin Kramar in France Strm\u010dnik, 2003: <em>Didaktika<\/em>. Novo mesto: Visoko\u0161olsko sredi\u0161\u010de, In\u0161titut za raziskovalno in razvojno delo.<\/p>\n<p>Buckroyd, Julia, 2004: <em>U\u010denec plesa: \u010dustveni vidiki pou\u010devanja in u\u010denja plesa<\/em>. Ljubljana: Zavod En-knap.<\/p>\n<p>Fuchs, Branko, 2004: <em>Ljudski plesi v osnovni \u0161oli: priro\u010dnik za u\u010ditelje, mentorje in vaditelje<\/em>. Ljubljana: Zavod RS za \u0161olstvo.<\/p>\n<p>Hayes, Elizabeth R., 1964: <em>An introduction to the teaching of dance<\/em>. New York: The Ronald Press Company.<\/p>\n<p>Simetinger, Toma\u017e, 2017 <em>Priro\u010dnik za folklorno dejavnost<\/em>. Ljubljana: Javni sklad RS za kulturne dejavnosti.<\/p>\n<p>Zagorc, Meta, Anita Vihteli\u010d, Neva Kralj in Nina Jeram, 2013: <em>Ples v vrtcu<\/em>. Ljubljana: Zavod RS za \u0161olstvo.<\/p>\n","protected":false},"excerpt":{"rendered":"<p>Pripravila: Nina Ma\u017egon M\u00fcller SEZNAM LITERATURE Bla\u017ei\u010d, Marjan, Milena Ivanu\u0161 Grmek, Martin Kramar in France Strm\u010dnik, 2003: Didaktika. Novo mesto: [&hellip;]<\/p>\n","protected":false},"author":1,"featured_media":0,"parent":0,"menu_order":0,"comment_status":"closed","ping_status":"closed","template":"","meta":{"footnotes":""},"class_list":["post-940","page","type-page","status-publish","hentry"],"_links":{"self":[{"href":"https:\/\/folklorisce.si\/index.php?rest_route=\/wp\/v2\/pages\/940","targetHints":{"allow":["GET"]}}],"collection":[{"href":"https:\/\/folklorisce.si\/index.php?rest_route=\/wp\/v2\/pages"}],"about":[{"href":"https:\/\/folklorisce.si\/index.php?rest_route=\/wp\/v2\/types\/page"}],"author":[{"embeddable":true,"href":"https:\/\/folklorisce.si\/index.php?rest_route=\/wp\/v2\/users\/1"}],"replies":[{"embeddable":true,"href":"https:\/\/folklorisce.si\/index.php?rest_route=%2Fwp%2Fv2%2Fcomments&post=940"}],"version-history":[{"count":4,"href":"https:\/\/folklorisce.si\/index.php?rest_route=\/wp\/v2\/pages\/940\/revisions"}],"predecessor-version":[{"id":996,"href":"https:\/\/folklorisce.si\/index.php?rest_route=\/wp\/v2\/pages\/940\/revisions\/996"}],"wp:attachment":[{"href":"https:\/\/folklorisce.si\/index.php?rest_route=%2Fwp%2Fv2%2Fmedia&parent=940"}],"curies":[{"name":"wp","href":"https:\/\/api.w.org\/{rel}","templated":true}]}}