{"id":883,"date":"2022-01-24T13:17:07","date_gmt":"2022-01-24T13:17:07","guid":{"rendered":"https:\/\/folklorisce.si\/?page_id=883"},"modified":"2024-01-03T13:01:33","modified_gmt":"2024-01-03T13:01:33","slug":"o-plesni-kulturi","status":"publish","type":"page","link":"https:\/\/folklorisce.si\/?page_id=883","title":{"rendered":"O plesni kulturi"},"content":{"rendered":"\n<p>Pripravil: dr. Toma\u017e Simetniger<\/p>\n\n\n\n<p>Poleg zbirk plesov je za (po)ustvarjalce lahko zelo pomemben vir informacij tudi druga literatura o plesni kulturi. Ta nam daje \u0161ir\u0161i vpogled v s plesom povezano dogajanje. Tovrstne podatke lahko najdemo tako v strokovni kot znanstveni literaturi. Tisti z nekaj raziskovalne \u017eilice pa lahko marsikaj koristnega najdejo tudi drugod, na primer v starih \u010dasopisih, potopisih itd. Na seznamu je naveden kraj\u0161i izbor strokovne in znanstvene literatura, ki na razli\u010dne na\u010dine osvetljuje plesno kulturo na Slovenskem.<\/p>\n\n\n\n<p><strong>SEZNAM DODATNE LITERATURE, KI GOVORI O PLESNI KULTURI ALI KI SE NANA\u0160A NANJO<\/strong><\/p>\n\n\n\n<p>Kunej, Rebeka, 2014: Stare gramofonske plo\u0161\u010de kot etnokoreolo\u0161ko gradivo. <em>Traditiones <\/em>43\/2. 119\u2013136.<\/p>\n\n\n\n<p>\u2013 \u2013, 2017: Spreminjajo\u010di se teksti in konteksti velikono\u010dnega plesa v Metliki. <em>Traditiones <\/em>46\/3. 123\u2013142.<\/p>\n\n\n\n<p>Kuret, Niko, 1998<sup>3<\/sup>: <em>Prazni\u010dno leto Slovencev: starosvetne \u0161ege in navade od pomladi do zime<\/em>. Prva knjiga. Ljubljana: Dru\u017eina.<\/p>\n\n\n\n<p>\u2013 \u2013, 1996:<em> Prazni\u010dno leto Slovencev: starosvetne \u0161ege in navade od pomladi do zime<\/em>. Druga&nbsp;&nbsp;&nbsp;&nbsp;&nbsp;&nbsp;&nbsp; knjiga. Ljubljana: Dru\u017eina.<\/p>\n\n\n\n<p>Makarovi\u010d, Marija, Toma\u017e Simetinger, Anja Cizel, 2015: <em>Jega dni v ob\u010dini \u0160kocjan: o obla\u010dilni in plesni kulturi ter o \u0161egah in navadah na ohcetih<\/em>. \u0160kocjan: Kulturno dru\u0161tvo dr. Ignacija Knobleharja.<\/p>\n\n\n\n<p>Marolt, France, 1935: <em>Slovenske narodoslovne \u0161tudije. Zv. 1, Tri obredja iz Zilje. <\/em>Ljubljana: Glasbena matica.<\/p>\n\n\n\n<p>\u2013 \u2013, 1936: <em>Slovenske narodoslovne \u0161tudije. Zv. 2, Tri obredja iz Bele krajine<\/em>. Ljubljana: Glasbena matica.<\/p>\n\n\n\n<p>Ramov\u0161, Mirko, 1972: Potrkan ples. <em>Traditiones <\/em>1. 129\u2013148.<\/p>\n\n\n\n<p>\u2013 \u2013, 1973: Valvasorjevo etnokoreolo\u0161ko gradivo. <em>Traditiones <\/em>2. 147\u2013159.<\/p>\n\n\n\n<p>\u2013 \u2013, 1975: Romarski vrtec. <em>Traditiones<\/em> 4. 47\u201378.<\/p>\n\n\n\n<p>\u2013 \u2013, 1979: Ples na An\u017eevo. <em>Traditiones <\/em>5\u20136. 305\u2013311.<\/p>\n\n\n\n<p>\u2013 \u2013, 1986: \u00bbSedem korakov\u00ab. <em>Traditiones<\/em> 15. 201\u2013224.<\/p>\n\n\n\n<p>\u2013 \u2013, 1988: Visoki ali prvi rej. <em>Traditiones <\/em>17. 187\u2013208<em>.<\/em><\/p>\n\n\n\n<p>\u2013 \u2013, 1990: Mazurka kot slovenski ljudski ples. <em>Traditiones<\/em> 19. 107\u2013124.<\/p>\n\n\n\n<p>\u2013 \u2013, 1991: Otro\u0161ke igre s privzemanjem in odvzemanjem na Slovenskem. <em>Traditiones<\/em> 20. 127\u2013142.<\/p>\n\n\n\n<p>\u2013 \u2013, 1992: \u00bbOsemca\u00ab. <em>Traditiones<\/em> 21. 105\u2013112.<\/p>\n\n\n\n<p>\u2013 \u2013, 2003: Val\u010dek kot slovenski ljudski ples. <em>Traditiones <\/em>32\/2. 33\u201349.<\/p>\n\n\n\n<p>Kunej, Rebeka, 2012: <em>\u0160tajeri\u0161: podoba in kontekst slovenskega ljudskega plesa<\/em>.Ljubljana: Zalo\u017eba ZRC, ZRC SAZU.<\/p>\n\n\n\n<p>Simetinger, Toma\u017e, 2008: Od plesa k zapisu in nazaj: o problematiki zapisov in zapisovanja plesa. <em>Folklornik<\/em> 4. 8\u201310.<\/p>\n\n\n\n<p>\u2013 \u2013, 2012: Med plesi\u0161\u010dem in pokopali\u0161\u010dem (vzporednice dveh va\u0161kih prizori\u0161\u010d na primeru \u017eupnije sv. Mihaela na Dovjem v lu\u010di delovanja fantovskih dru\u017eb). Tita Porenta in Mojca Tercelj Otorepec (ur.): <em>Gorenjska: etnologija in pokrajine na Slovenskem na primeru Gorenjske ali kaj lahko etnologi in kulturni antropologi doprinesemo h kulturni podobi in razumevanju pokrajin na Slovenskem<\/em>. (Elektronski vir.)<\/p>\n\n\n\n<p>\u2013 \u2013, 2012: Tango \u2013 del plesne kulture na Slovenskem? <em>Folklornik<\/em> 8. 36\u201338.<\/p>\n\n\n\n<p>\u2013 \u2013, 2014: Zgodovina prava in plesna kultura od prvih virov do sredine 20. stoletja. Prvi del. <em>Glasnik Slovenskega etnolo\u0161kega dru\u0161tva<\/em> 54\/4. 9\u201317.<\/p>\n\n\n\n<p>\u2013 \u2013, 2015: Zgodovina prava in plesna kultura od prvih virov do sredine 20. stoletja. Drugi del. <em>Glasnik Slovenskega etnolo\u0161kega dru\u0161tva<\/em> 55\/1\u20132. 23\u201331.<\/p>\n\n\n\n<p>Simetinger, Toma\u017e (et al.), 2017: <em>Priro\u010dnik za folklorno dejavnost<\/em>.Ljubljana: Javni sklad RS za kulturne dejavnosti.<\/p>\n","protected":false},"excerpt":{"rendered":"<p>Pripravil: dr. Toma\u017e Simetniger Poleg zbirk plesov je za (po)ustvarjalce lahko zelo pomemben vir informacij tudi druga literatura o plesni [&hellip;]<\/p>\n","protected":false},"author":1,"featured_media":0,"parent":0,"menu_order":0,"comment_status":"closed","ping_status":"closed","template":"page-templates\/full-width.php","meta":{"footnotes":""},"class_list":["post-883","page","type-page","status-publish","hentry"],"_links":{"self":[{"href":"https:\/\/folklorisce.si\/index.php?rest_route=\/wp\/v2\/pages\/883","targetHints":{"allow":["GET"]}}],"collection":[{"href":"https:\/\/folklorisce.si\/index.php?rest_route=\/wp\/v2\/pages"}],"about":[{"href":"https:\/\/folklorisce.si\/index.php?rest_route=\/wp\/v2\/types\/page"}],"author":[{"embeddable":true,"href":"https:\/\/folklorisce.si\/index.php?rest_route=\/wp\/v2\/users\/1"}],"replies":[{"embeddable":true,"href":"https:\/\/folklorisce.si\/index.php?rest_route=%2Fwp%2Fv2%2Fcomments&post=883"}],"version-history":[{"count":3,"href":"https:\/\/folklorisce.si\/index.php?rest_route=\/wp\/v2\/pages\/883\/revisions"}],"predecessor-version":[{"id":993,"href":"https:\/\/folklorisce.si\/index.php?rest_route=\/wp\/v2\/pages\/883\/revisions\/993"}],"wp:attachment":[{"href":"https:\/\/folklorisce.si\/index.php?rest_route=%2Fwp%2Fv2%2Fmedia&parent=883"}],"curies":[{"name":"wp","href":"https:\/\/api.w.org\/{rel}","templated":true}]}}