{"id":882,"date":"2022-01-24T13:17:07","date_gmt":"2022-01-24T13:17:07","guid":{"rendered":"https:\/\/folklorisce.si\/?page_id=882"},"modified":"2024-01-03T13:02:10","modified_gmt":"2024-01-03T13:02:10","slug":"razvijanje-ritma-in-plesnosti","status":"publish","type":"page","link":"https:\/\/folklorisce.si\/?page_id=882","title":{"rendered":"Razvijanje ritma in plesnosti"},"content":{"rendered":"\n<p>Pripravile: Nina Ma\u017egon M\u00fcller, Anja Verderber in Barbara Waldh\u00fctter<\/p>\n\n\n\n<p><\/p>\n\n\n\n<p><strong>SEZNAM LITERATURE<\/strong><\/p>\n\n\n\n<p>Kova\u010d Vald\u00e9s, Jana, 2011: <em>Plesna \u017ege\u010dkalnica: priro\u010dnik ustvarjalnega giba in sodobnega plesa za otroke z osnovami plesnih tehnik<\/em>. Ljubljana: Javni sklad RS za kulturne dejavnosti.<\/p>\n\n\n\n<p>Krofli\u010d, Breda in Dora Gobec, 1995: <em>Igra \u2013 gib \u2013 ustvarjanje \u2013 u\u010denje<\/em>. Novo mesto: Pedago\u0161ka obzorja.<\/p>\n\n\n\n<p>Krofli\u010d, Breda in Dora Gobec, 1992: <em>Ustvarjalni gib in plesna vzgoja za najmlaj\u0161e<\/em>. Novo mesto: Pedago\u0161ka obzorja.<\/p>\n\n\n\n<p>Lubej, Ne\u017eka, 1997: <em>Pikapolonica, hvala za zlato kolo! Otro\u0161ke igre in plesi.<\/em> Maribor: Zveza kulturnih dru\u0161tev.<\/p>\n\n\n\n<p>Megli\u010d, Sa\u0161a, 2021: <em>Plesno izro\u010dilo na Slovenskem: kako razvijati plesnost pri otrocih in odraslih<\/em>. Tr\u017ei\u010d: Kulturno dru\u0161tvo Folklorna skupina Karavanke.<\/p>\n\n\n\n<p>Novak Nina, Ne\u017eka Lubej in Mojca Kmetec, 2021: <em>Priro\u010dnik za otro\u0161ko ljudsko izro\u010dilo v \u0161oli: sija, bija, kam pa gre?<\/em> Maribor: Zveza kulturnih dru\u0161tev.<\/p>\n\n\n\n<p>Otrin, Iko, 2006: <em>LA LA BUM: plesna abeceda za za\u010detnike<\/em>. Ponatis. Ljubljana: Javni sklad RS za kulturne dejavnosti.<\/p>\n\n\n\n<p>\u0160etina, Sara, 2017: Razvoj plesnosti v praksi. <em>Diplomska naloga<\/em>. Koper: Pedago\u0161ka fakulteta, Univerza na Primorskem.<\/p>\n\n\n\n<p>Tu\u0161ek, Mateja, 2018: <em>\u017dirafe ne znajo plesati: priro\u010dnik za vzgojitelje in u\u010ditelje<\/em>. Ljubljana: Grafenauer.<\/p>\n\n\n\n<p>Vogelnik, Marija (ur.), 1990: <em>Ura je ena, medved \u0161e spi: slovenske ljudske iz\u0161tevanke, od\u0161tevanke in iz\u0161tevanke, igre in poigranke, nagajivke in posmehulje<\/em>. Ljubljana: Mladinska knjiga.<\/p>\n\n\n\n<p>Vogelnik, Marija, 1993: <em>Ustvarjalni gib\u202f: plesno-gledali\u0161ki priro\u010dnik<\/em>. Ljubljana: Zveza kulturnih organizacij Slovenije.<\/p>\n","protected":false},"excerpt":{"rendered":"<p>Pripravile: Nina Ma\u017egon M\u00fcller, Anja Verderber in Barbara Waldh\u00fctter SEZNAM LITERATURE Kova\u010d Vald\u00e9s, Jana, 2011: Plesna \u017ege\u010dkalnica: priro\u010dnik ustvarjalnega giba [&hellip;]<\/p>\n","protected":false},"author":1,"featured_media":0,"parent":0,"menu_order":0,"comment_status":"closed","ping_status":"closed","template":"page-templates\/full-width.php","meta":{"footnotes":""},"class_list":["post-882","page","type-page","status-publish","hentry"],"_links":{"self":[{"href":"https:\/\/folklorisce.si\/index.php?rest_route=\/wp\/v2\/pages\/882","targetHints":{"allow":["GET"]}}],"collection":[{"href":"https:\/\/folklorisce.si\/index.php?rest_route=\/wp\/v2\/pages"}],"about":[{"href":"https:\/\/folklorisce.si\/index.php?rest_route=\/wp\/v2\/types\/page"}],"author":[{"embeddable":true,"href":"https:\/\/folklorisce.si\/index.php?rest_route=\/wp\/v2\/users\/1"}],"replies":[{"embeddable":true,"href":"https:\/\/folklorisce.si\/index.php?rest_route=%2Fwp%2Fv2%2Fcomments&post=882"}],"version-history":[{"count":7,"href":"https:\/\/folklorisce.si\/index.php?rest_route=\/wp\/v2\/pages\/882\/revisions"}],"predecessor-version":[{"id":1005,"href":"https:\/\/folklorisce.si\/index.php?rest_route=\/wp\/v2\/pages\/882\/revisions\/1005"}],"wp:attachment":[{"href":"https:\/\/folklorisce.si\/index.php?rest_route=%2Fwp%2Fv2%2Fmedia&parent=882"}],"curies":[{"name":"wp","href":"https:\/\/api.w.org\/{rel}","templated":true}]}}