{"id":880,"date":"2022-01-24T13:17:06","date_gmt":"2022-01-24T13:17:06","guid":{"rendered":"https:\/\/folklorisce.si\/?page_id=880"},"modified":"2024-01-03T13:01:46","modified_gmt":"2024-01-03T13:01:46","slug":"plesna-didaktika","status":"publish","type":"page","link":"https:\/\/folklorisce.si\/?page_id=880","title":{"rendered":"Plesna didaktika"},"content":{"rendered":"\n<p>Pripravila: dr. Nina Novak<\/p>\n\n\n\n<p><strong>SEZNAM LITERATURE<\/strong><\/p>\n\n\n\n<p>Bajd, B., Ferbar, J., Krnel, D., Pe\u010dar, M. (1999). Hodim, te\u010dem, ska\u010dem. V: Okolje in jaz. Priro\u010dnik za u\u010ditelje. Ljubljana: Modrijan.<\/p>\n\n\n\n<p>Breznik, I. (2006). Gibanje in glasba v pred\u0161olskem obdobju. V: Pi\u0161ot, R., Kropej, V. L., Zurc, J., Volmut, T. in Obid, A. (ur.). Zbornik izvle\u010dkov in prispevkov (str. 45). Koper: Univerza na Primorskem, Znanstveno-raziskovalno sredi\u0161\u010de.<\/p>\n\n\n\n<p>Burk Walsh, I. (2010). Na u\u010denca osredinjena metodologija u\u010denja v prvem razredu. Ljubljana: Pedago\u0161ki in\u0161titut.<\/p>\n\n\n\n<p>Kne\u017eevi\u0107, G. (2002). Na\u0161e kolo veliko: hrvatski dje\u010dji folklor: gradivo iz 19. i 20. stolje\u0107a. Zagreb: Ethno. Kne\u017eevi\u0107, G. (2005). Srebrna kola, zlaten kota\u010d. Zagreb: Ethno.<\/p>\n\n\n\n<p>Knific, B. (2012). Ljudsko izro\u010dilo. Seminarsko gradivo. JSKD.<\/p>\n\n\n\n<p>Knific, B. (2012). Iz\u0161tevanke, zbadljivke. Folklornik. Dostopno na: <a href=\"file:\/\/\/D:\\Users\\lnovak\\Downloads\\12_knific_izstevanke_in_zbadljivke.pdf\">file:\/\/\/D:\/Users\/lnovak\/Downloads\/12_knific_izstevanke_in_zbadljivke.pdf<\/a> (pridobljeno 1.&nbsp; 2. 2021).<\/p>\n\n\n\n<p>Lubej, N. (1997): Pikapolonica, hvala za zlato kolo. Maribor: Zveza kulturnih organizacij Maribor.<\/p>\n\n\n\n<p>Marjanovi\u010d Umek, L., idr. (2004). Razvojna psihologija. Ljubljana: Znanstvenoraziskovalni in\u0161titut Filozofske fakultete.<\/p>\n\n\n\n<p>Mareti\u0107, M., Cakta\u0161, J. (2007). Zavi\u010dajna ba\u0161tina u funkciji o\u010duvanja hrvatskog identiteta Zavi\u010dajna ba\u0161tina HNOS i kurikulum. Knji\u017eevni krug, Split, 2007; 87\u201396.<\/p>\n\n\n\n<p>Novak, N., Lubej., N., Kmetec, M. (2021). Sija bija \u2013 priro\u010dnik. Zveza kulturnih dru\u0161tev Maribor \u2013 gradivo v pripravi.<\/p>\n\n\n\n<p>Otrin, I. (2006). LA LA BUM. Plesna abeceda za za\u010detnike: ponatis. Ljubljana: Javni sklad RS za kulturne dejavnosti.<\/p>\n\n\n\n<p>Novak, N. (2020). Na\u010drtovanje pouka s sodobnimi pristopi. <a href=\"https:\/\/plus.si.cobiss.net\/opac7\/bib\/COBIB\/78568960\">Razredni pouk: revija Zavoda RS za \u0161olstvo. Letn. 22, \u0161t. 3 (2020), str. 8\u201322<\/a>.<\/p>\n\n\n\n<p>Pesek, A. (1997). Otroci v svetu glasbe. Ljubljana: Mladinska knjiga.<\/p>\n\n\n\n<p>Rajovi\u0107, R. (2015). Kako z igro spodbujati miselni razvoj otroka. Ljubljana: Mladinska knjiga.&nbsp;<\/p>\n\n\n\n<p>Ramov\u0161, M. (1992). Ljudski ples. V: Enciklopedija Slovenije 6. Ljubljana: Mladinska knjiga, 295\u2013296.<\/p>\n\n\n\n<p>Ramov\u0161, M. (1994). Ljudski ples v osnovni \u0161oli. Glasnik SED 34 (4). Str. 43\u201345.<\/p>\n\n\n\n<p>Rajtmajer, D. (1995). Ritem v psihomotori\u010dnih sposobnostih otrok. Pedago\u0161ka obzorja 1\u20132 (X). Str. 30 \u2013 38.<\/p>\n\n\n\n<p>Simetinger, T., idr. (2019). Priro\u010dnik za folklorno dejavnost. Ljubljana: Javni sklad za kulturne dejavnosti.<\/p>\n\n\n\n<p>Videm\u0161ek, M., \u0160iler, B., in Fi\u0161er, P. (2002). Slepa mi\u0161, ti lovi\u0161! Ljubljana: Fakulteta za \u0161port.<\/p>\n\n\n\n<p>Zagorc, M. (1992). Ples \u2013 ustvarjanje z gibom. Ljubljana: Fakulteta za \u0161port.<\/p>\n\n\n\n<p>Zagorc, M., idr. (2013). Ples v vrtcu. Ljubljana: Zavod RS za \u0161olstvo.<\/p>\n","protected":false},"excerpt":{"rendered":"<p>Pripravila: dr. Nina Novak SEZNAM LITERATURE Bajd, B., Ferbar, J., Krnel, D., Pe\u010dar, M. (1999). Hodim, te\u010dem, ska\u010dem. V: Okolje [&hellip;]<\/p>\n","protected":false},"author":1,"featured_media":0,"parent":0,"menu_order":0,"comment_status":"closed","ping_status":"closed","template":"page-templates\/full-width.php","meta":{"footnotes":""},"class_list":["post-880","page","type-page","status-publish","hentry"],"_links":{"self":[{"href":"https:\/\/folklorisce.si\/index.php?rest_route=\/wp\/v2\/pages\/880","targetHints":{"allow":["GET"]}}],"collection":[{"href":"https:\/\/folklorisce.si\/index.php?rest_route=\/wp\/v2\/pages"}],"about":[{"href":"https:\/\/folklorisce.si\/index.php?rest_route=\/wp\/v2\/types\/page"}],"author":[{"embeddable":true,"href":"https:\/\/folklorisce.si\/index.php?rest_route=\/wp\/v2\/users\/1"}],"replies":[{"embeddable":true,"href":"https:\/\/folklorisce.si\/index.php?rest_route=%2Fwp%2Fv2%2Fcomments&post=880"}],"version-history":[{"count":4,"href":"https:\/\/folklorisce.si\/index.php?rest_route=\/wp\/v2\/pages\/880\/revisions"}],"predecessor-version":[{"id":991,"href":"https:\/\/folklorisce.si\/index.php?rest_route=\/wp\/v2\/pages\/880\/revisions\/991"}],"wp:attachment":[{"href":"https:\/\/folklorisce.si\/index.php?rest_route=%2Fwp%2Fv2%2Fmedia&parent=880"}],"curies":[{"name":"wp","href":"https:\/\/api.w.org\/{rel}","templated":true}]}}