{"id":1606,"date":"2025-10-21T09:54:59","date_gmt":"2025-10-21T09:54:59","guid":{"rendered":"https:\/\/folklorisce.si\/?page_id=1606"},"modified":"2025-10-21T11:24:59","modified_gmt":"2025-10-21T11:24:59","slug":"primer-dobre-prakse-kurjak","status":"publish","type":"page","link":"https:\/\/folklorisce.si\/?page_id=1606","title":{"rendered":"PRIMER DOBRE PRAKSE \u2013 K\u00dcRJAK"},"content":{"rendered":"<p>Koreografija: K\u00fcrjak<\/p>\n<p>Avtorica koreografije: Katarina Pondrk<\/p>\n<hr \/>\n<p>Koreografija K\u00fcrjak je bila nagrajena z izborom in uvrstitvijo na dr\u017eavno sre\u010danje otro\u0161kih folklornih skupin \u2013 Ringaraja 2025. Avtorica koreografije oziroma odrske postavitve, ki po strokovnih ocenah predstavlja primer dobre prakse, je podala soglasje za njeno uporabo v u\u010dne namene in za javno nastopanje v okviru folklorne dejavnosti. V primeru javnega uprizarjanja je potrebno navesti njeno ime in priimek.<\/p>\n<p>Odrska postavitev je namenjena otrokom, starim od 9 do 14 let.<\/p>\n<p>Glasba: harmonika (mogo\u010de je vklju\u010diti \u0161e klarinet, kontrabas \u2026)<\/p>\n<hr \/>\n<div>\u00a0<\/div>\n\n\n<div class=\"wp-block-file\"><a id=\"wp-block-file--media-a3af3930-bd97-4fc5-8f75-4068f85af333\" href=\"https:\/\/folklorisce.si\/wp-content\/uploads\/2025\/10\/KURJAK.pdf\">PDF KOREOGRAFIJE K\u00dcRJAK<\/a><a href=\"https:\/\/folklorisce.si\/wp-content\/uploads\/2025\/10\/KURJAK.pdf\" class=\"wp-block-file__button wp-element-button\" download aria-describedby=\"wp-block-file--media-a3af3930-bd97-4fc5-8f75-4068f85af333\">Download<\/a><\/div>\n\n\n\n<hr class=\"wp-block-separator has-alpha-channel-opacity\"\/>\n\n\n\n<figure class=\"wp-block-image size-large\"><a href=\"https:\/\/youtu.be\/8Fd0Q9gn3z8\" target=\"_blank\" rel=\" noreferrer noopener\"><img loading=\"lazy\" decoding=\"async\" width=\"1024\" height=\"531\" src=\"https:\/\/folklorisce.si\/wp-content\/uploads\/2025\/10\/KURJAK_koreografija-1024x531.png\" alt=\"\" class=\"wp-image-1614\" srcset=\"https:\/\/folklorisce.si\/wp-content\/uploads\/2025\/10\/KURJAK_koreografija-1024x531.png 1024w, https:\/\/folklorisce.si\/wp-content\/uploads\/2025\/10\/KURJAK_koreografija-300x156.png 300w, https:\/\/folklorisce.si\/wp-content\/uploads\/2025\/10\/KURJAK_koreografija-768x398.png 768w, https:\/\/folklorisce.si\/wp-content\/uploads\/2025\/10\/KURJAK_koreografija-1536x797.png 1536w, https:\/\/folklorisce.si\/wp-content\/uploads\/2025\/10\/KURJAK_koreografija-600x311.png 600w, https:\/\/folklorisce.si\/wp-content\/uploads\/2025\/10\/KURJAK_koreografija.png 1855w\" sizes=\"auto, (max-width: 1024px) 100vw, 1024px\" \/><\/a><\/figure>\n\n\n\n<div style=\"height:100px\" aria-hidden=\"true\" class=\"wp-block-spacer\"><\/div>\n\n\n\n<figure class=\"wp-block-image size-large\"><a href=\"https:\/\/youtu.be\/0Eui6nWmnzA\" target=\"_blank\" rel=\" noreferrer noopener\"><img loading=\"lazy\" decoding=\"async\" width=\"1024\" height=\"531\" src=\"https:\/\/folklorisce.si\/wp-content\/uploads\/2025\/10\/KURJAK_detajli-1024x531.png\" alt=\"\" class=\"wp-image-1616\" srcset=\"https:\/\/folklorisce.si\/wp-content\/uploads\/2025\/10\/KURJAK_detajli-1024x531.png 1024w, https:\/\/folklorisce.si\/wp-content\/uploads\/2025\/10\/KURJAK_detajli-300x156.png 300w, https:\/\/folklorisce.si\/wp-content\/uploads\/2025\/10\/KURJAK_detajli-768x398.png 768w, https:\/\/folklorisce.si\/wp-content\/uploads\/2025\/10\/KURJAK_detajli-1536x797.png 1536w, https:\/\/folklorisce.si\/wp-content\/uploads\/2025\/10\/KURJAK_detajli-600x311.png 600w, https:\/\/folklorisce.si\/wp-content\/uploads\/2025\/10\/KURJAK_detajli.png 1855w\" sizes=\"auto, (max-width: 1024px) 100vw, 1024px\" \/><\/a><\/figure>\n\n\n\n<div style=\"height:100px\" aria-hidden=\"true\" class=\"wp-block-spacer\"><\/div>\n\n\n\n<figure class=\"wp-block-image size-large\"><a href=\"https:\/\/youtu.be\/G5WxbrWZ3bQ\" target=\"_blank\" rel=\" noreferrer noopener\"><img loading=\"lazy\" decoding=\"async\" width=\"1024\" height=\"531\" src=\"https:\/\/folklorisce.si\/wp-content\/uploads\/2025\/10\/KURJAK_harmonika1-1024x531.png\" alt=\"\" class=\"wp-image-1619\" srcset=\"https:\/\/folklorisce.si\/wp-content\/uploads\/2025\/10\/KURJAK_harmonika1-1024x531.png 1024w, https:\/\/folklorisce.si\/wp-content\/uploads\/2025\/10\/KURJAK_harmonika1-300x156.png 300w, https:\/\/folklorisce.si\/wp-content\/uploads\/2025\/10\/KURJAK_harmonika1-768x398.png 768w, https:\/\/folklorisce.si\/wp-content\/uploads\/2025\/10\/KURJAK_harmonika1-1536x797.png 1536w, https:\/\/folklorisce.si\/wp-content\/uploads\/2025\/10\/KURJAK_harmonika1-600x311.png 600w, https:\/\/folklorisce.si\/wp-content\/uploads\/2025\/10\/KURJAK_harmonika1.png 1855w\" sizes=\"auto, (max-width: 1024px) 100vw, 1024px\" \/><\/a><\/figure>\n\n\n\n<div style=\"height:100px\" aria-hidden=\"true\" class=\"wp-block-spacer\"><\/div>\n\n\n\n<figure class=\"wp-block-image size-large\"><a href=\"https:\/\/youtu.be\/KZkL3JfD7X8\" target=\"_blank\" rel=\" noreferrer noopener\"><img loading=\"lazy\" decoding=\"async\" width=\"1024\" height=\"531\" src=\"https:\/\/folklorisce.si\/wp-content\/uploads\/2025\/10\/KURJAK_harmonika2-1024x531.png\" alt=\"\" class=\"wp-image-1621\" srcset=\"https:\/\/folklorisce.si\/wp-content\/uploads\/2025\/10\/KURJAK_harmonika2-1024x531.png 1024w, https:\/\/folklorisce.si\/wp-content\/uploads\/2025\/10\/KURJAK_harmonika2-300x156.png 300w, https:\/\/folklorisce.si\/wp-content\/uploads\/2025\/10\/KURJAK_harmonika2-768x398.png 768w, https:\/\/folklorisce.si\/wp-content\/uploads\/2025\/10\/KURJAK_harmonika2-1536x797.png 1536w, https:\/\/folklorisce.si\/wp-content\/uploads\/2025\/10\/KURJAK_harmonika2-600x311.png 600w, https:\/\/folklorisce.si\/wp-content\/uploads\/2025\/10\/KURJAK_harmonika2.png 1855w\" sizes=\"auto, (max-width: 1024px) 100vw, 1024px\" \/><\/a><\/figure>\n\n\n\n<p><\/p>\n","protected":false},"excerpt":{"rendered":"<p>Koreografija: K\u00fcrjak Avtorica koreografije: Katarina Pondrk Koreografija K\u00fcrjak je bila nagrajena z izborom in uvrstitvijo na dr\u017eavno sre\u010danje otro\u0161kih folklornih [&hellip;]<\/p>\n","protected":false},"author":1,"featured_media":0,"parent":0,"menu_order":0,"comment_status":"closed","ping_status":"closed","template":"","meta":{"footnotes":""},"class_list":["post-1606","page","type-page","status-publish","hentry"],"_links":{"self":[{"href":"https:\/\/folklorisce.si\/index.php?rest_route=\/wp\/v2\/pages\/1606","targetHints":{"allow":["GET"]}}],"collection":[{"href":"https:\/\/folklorisce.si\/index.php?rest_route=\/wp\/v2\/pages"}],"about":[{"href":"https:\/\/folklorisce.si\/index.php?rest_route=\/wp\/v2\/types\/page"}],"author":[{"embeddable":true,"href":"https:\/\/folklorisce.si\/index.php?rest_route=\/wp\/v2\/users\/1"}],"replies":[{"embeddable":true,"href":"https:\/\/folklorisce.si\/index.php?rest_route=%2Fwp%2Fv2%2Fcomments&post=1606"}],"version-history":[{"count":6,"href":"https:\/\/folklorisce.si\/index.php?rest_route=\/wp\/v2\/pages\/1606\/revisions"}],"predecessor-version":[{"id":1625,"href":"https:\/\/folklorisce.si\/index.php?rest_route=\/wp\/v2\/pages\/1606\/revisions\/1625"}],"wp:attachment":[{"href":"https:\/\/folklorisce.si\/index.php?rest_route=%2Fwp%2Fv2%2Fmedia&parent=1606"}],"curies":[{"name":"wp","href":"https:\/\/api.w.org\/{rel}","templated":true}]}}