{"id":16,"date":"2022-01-13T19:25:52","date_gmt":"2022-01-13T19:25:52","guid":{"rendered":"https:\/\/folklorisce.si\/?page_id=16"},"modified":"2023-11-14T19:29:26","modified_gmt":"2023-11-14T19:29:26","slug":"avtorji-prispevkov","status":"publish","type":"page","link":"https:\/\/folklorisce.si\/?page_id=16","title":{"rendered":"Avtorji prispevkov"},"content":{"rendered":"\n<div class=\"wp-block-media-text alignwide is-stacked-on-mobile\" style=\"grid-template-columns:15% auto\"><figure class=\"wp-block-media-text__media\"><img loading=\"lazy\" decoding=\"async\" width=\"1024\" height=\"925\" src=\"https:\/\/folklorisce.si\/wp-content\/uploads\/2023\/02\/Anja-12-1024x925.jpg\" alt=\"\" class=\"wp-image-911 size-full\" srcset=\"https:\/\/folklorisce.si\/wp-content\/uploads\/2023\/02\/Anja-12-1024x925.jpg 1024w, https:\/\/folklorisce.si\/wp-content\/uploads\/2023\/02\/Anja-12-300x271.jpg 300w, https:\/\/folklorisce.si\/wp-content\/uploads\/2023\/02\/Anja-12-768x694.jpg 768w, https:\/\/folklorisce.si\/wp-content\/uploads\/2023\/02\/Anja-12-1536x1387.jpg 1536w, https:\/\/folklorisce.si\/wp-content\/uploads\/2023\/02\/Anja-12-2048x1850.jpg 2048w, https:\/\/folklorisce.si\/wp-content\/uploads\/2023\/02\/Anja-12-600x542.jpg 600w\" sizes=\"auto, (max-width: 1024px) 100vw, 1024px\" \/><\/figure><div class=\"wp-block-media-text__content\">\n<p class=\"has-text-align-left\"><strong>Anja Verderber <\/strong>&#8211; umetnostna zgodovinarka, etnologinja in kulturna antropologinja ter kot mlada raziskovalka zaposlena na Glasbenonarodopisnem in\u0161titutu ZRC SAZU. Je nekdanja umetni\u0161ka vodja Folklorne skupine Tine Ro\u017eanc, avtorica ve\u010d koreografij ter celove\u010dernih folklornih predstav, kot svetovalka in koreografinja sodeluje s \u0161tevilnimi folklornimi skupinami po Sloveniji. Deluje tudi kot strokovna spremljevalka sre\u010danj odraslih folklornih skupin, predavateljica ter mentorica na folklornih seminarjih.<\/p>\n<\/div><\/div>\n\n\n\n<div style=\"height:100px\" aria-hidden=\"true\" class=\"wp-block-spacer\"><\/div>\n\n\n\n<div class=\"wp-block-media-text alignwide is-stacked-on-mobile\" style=\"grid-template-columns:15% auto\"><figure class=\"wp-block-media-text__media\"><img loading=\"lazy\" decoding=\"async\" width=\"1024\" height=\"1024\" src=\"https:\/\/folklorisce.si\/wp-content\/uploads\/2023\/02\/TS2-1024x1024.jpg\" alt=\"\" class=\"wp-image-1015 size-full\" srcset=\"https:\/\/folklorisce.si\/wp-content\/uploads\/2023\/02\/TS2-1024x1024.jpg 1024w, https:\/\/folklorisce.si\/wp-content\/uploads\/2023\/02\/TS2-300x300.jpg 300w, https:\/\/folklorisce.si\/wp-content\/uploads\/2023\/02\/TS2-150x150.jpg 150w, https:\/\/folklorisce.si\/wp-content\/uploads\/2023\/02\/TS2-768x768.jpg 768w, https:\/\/folklorisce.si\/wp-content\/uploads\/2023\/02\/TS2-600x600.jpg 600w, https:\/\/folklorisce.si\/wp-content\/uploads\/2023\/02\/TS2-100x100.jpg 100w, https:\/\/folklorisce.si\/wp-content\/uploads\/2023\/02\/TS2.jpg 1179w\" sizes=\"auto, (max-width: 1024px) 100vw, 1024px\" \/><\/figure><div class=\"wp-block-media-text__content\">\n<p><strong>Dr. Toma\u017e Simetinger<\/strong> &#8211; etnokoreolog, kulturni antropolog in raziskovalec, ki \u017ee vrsto let predava na razli\u010dnih izobra\u017eevanjih in seminarjih. Je plesni pedagog in ve\u010dkrat nagrajeni koreograf z enim najobse\u017enej\u0161ih opusov koreografij folklornega \u017eanra na Slovenskem ter avtor ali soavtor \u0161tevilnih znastvenih in strokovnih besedil.<\/p>\n<\/div><\/div>\n\n\n\n<div style=\"height:100px\" aria-hidden=\"true\" class=\"wp-block-spacer\"><\/div>\n\n\n\n<div class=\"wp-block-media-text alignwide is-stacked-on-mobile\" style=\"grid-template-columns:15% auto\"><figure class=\"wp-block-media-text__media\"><img loading=\"lazy\" decoding=\"async\" width=\"150\" height=\"150\" src=\"https:\/\/folklorisce.si\/wp-content\/uploads\/2022\/01\/profilna-3-150x150.jpg\" alt=\"\" class=\"wp-image-823 size-thumbnail\" srcset=\"https:\/\/folklorisce.si\/wp-content\/uploads\/2022\/01\/profilna-3-150x150.jpg 150w, https:\/\/folklorisce.si\/wp-content\/uploads\/2022\/01\/profilna-3-300x300.jpg 300w, https:\/\/folklorisce.si\/wp-content\/uploads\/2022\/01\/profilna-3-768x768.jpg 768w, https:\/\/folklorisce.si\/wp-content\/uploads\/2022\/01\/profilna-3-600x600.jpg 600w, https:\/\/folklorisce.si\/wp-content\/uploads\/2022\/01\/profilna-3-100x100.jpg 100w, https:\/\/folklorisce.si\/wp-content\/uploads\/2022\/01\/profilna-3.jpg 880w\" sizes=\"auto, (max-width: 150px) 100vw, 150px\" \/><\/figure><div class=\"wp-block-media-text__content\">\n<p><strong>Dr. Nina Novak<\/strong> &#8211; Nina Novak se je s poglobljenim ukvarjanjem z otro\u0161kim ljudskim izro\u010dilom za\u010dela ukvarjati na O\u0160 Miklav\u017e pri Ormo\u017eu. Z delom na podro\u010dju folklorne dejavnosti je nato nadaljevala v mladinski folklorni skupini ter odrasli skupini v Kulturno turisti\u010dnem dru\u0161tvu Miklav\u017e pri Ormo\u017eu, s katerima je prejela \u0161tevilne priznanja na obmo\u010dni, regijski, dr\u017eavni in tudi mednarodni ravni. Poustvarjanje ljudskega izro\u010dila na nov, inovativen na\u010din je Nini Novak bilo vedno poseben izziv in navdih. Kot svetovalka Zavoda RS za \u0161olstvo izvaja \u0161tevilne seminarje in delavnice za spodbujanje vklju\u010devanja ljudskega izro\u010dila v vsakodnevno u\u010denje in pou\u010devanje na razredni stopnji, prav tako pa skozi usposabljanje u\u010diteljev skrbi za to, da so vsebine ljudskega izro\u010dila stalno prisotne v \u0161olski praksi.<\/p>\n<\/div><\/div>\n\n\n\n<div style=\"height:100px\" aria-hidden=\"true\" class=\"wp-block-spacer\"><\/div>\n\n\n\n<div class=\"wp-block-media-text alignwide is-stacked-on-mobile\" style=\"grid-template-columns:15% auto\"><figure class=\"wp-block-media-text__media\"><img loading=\"lazy\" decoding=\"async\" width=\"1024\" height=\"1024\" src=\"https:\/\/folklorisce.si\/wp-content\/uploads\/2023\/02\/Waldhutter-foto-1024x1024.jpg\" alt=\"\" class=\"wp-image-983 size-full\" srcset=\"https:\/\/folklorisce.si\/wp-content\/uploads\/2023\/02\/Waldhutter-foto-1024x1024.jpg 1024w, https:\/\/folklorisce.si\/wp-content\/uploads\/2023\/02\/Waldhutter-foto-300x300.jpg 300w, https:\/\/folklorisce.si\/wp-content\/uploads\/2023\/02\/Waldhutter-foto-150x150.jpg 150w, https:\/\/folklorisce.si\/wp-content\/uploads\/2023\/02\/Waldhutter-foto-768x768.jpg 768w, https:\/\/folklorisce.si\/wp-content\/uploads\/2023\/02\/Waldhutter-foto-1536x1536.jpg 1536w, https:\/\/folklorisce.si\/wp-content\/uploads\/2023\/02\/Waldhutter-foto-600x600.jpg 600w, https:\/\/folklorisce.si\/wp-content\/uploads\/2023\/02\/Waldhutter-foto-100x100.jpg 100w, https:\/\/folklorisce.si\/wp-content\/uploads\/2023\/02\/Waldhutter-foto.jpg 1644w\" sizes=\"auto, (max-width: 1024px) 100vw, 1024px\" \/><\/figure><div class=\"wp-block-media-text__content\">\n<p><strong>Barbara Waldh\u00fctter <\/strong>&#8211; profesorica na O\u0160 J. Hudalesa Jurovski dol, kjer med drugim vodi vrt\u010devsko folklorno skupino, mlaj\u0161o otro\u0161ko folklorno skupino Knofeki in starej\u0161o otro\u0161ko folklorno skupino \u0160leka pac, s katero so se \u017ee ve\u010dkrat uvrstili na Dr\u017eavno sre\u010danje otro\u0161kih folklornih skupin Ringaraja. Folklorna dejavnost je njena velika ljubezen \u017ee 30 let. V \u0161tudentskih letih je plesala pri Akademski folklorni skupini KUD \u0160tudent iz Maribora, kasneje pa tudi vrsto let pela pri vokalni skupini Srake, eni izmed sekcij KUD-a \u0160tudent iz Maribora. Danes je aktivna plesalka v odrasli folklorni skupini Jurov\u010dan, KUD-a Ivan Cankar iz Jurovskega Dola. Redno se udele\u017euje najrazli\u010dnej\u0161ih strokovnih izobra\u017eevanj v okviru JSKD, opravila je izobra\u017eevanje za vodje folklornih skupin, plesne pedagoge in koreografe I. in II. stopnje. Zadnje leto deluje tudi kot strokovna spremljevalka sre\u010danj otro\u0161kih folklornih skupin v organizaciji JSKD.<\/p>\n<\/div><\/div>\n\n\n\n<div style=\"height:100px\" aria-hidden=\"true\" class=\"wp-block-spacer\"><\/div>\n\n\n\n<div class=\"wp-block-media-text alignwide is-stacked-on-mobile\" style=\"grid-template-columns:15% auto\"><figure class=\"wp-block-media-text__media\"><img loading=\"lazy\" decoding=\"async\" width=\"584\" height=\"584\" src=\"https:\/\/folklorisce.si\/wp-content\/uploads\/2023\/02\/Kavar.jpg\" alt=\"\" class=\"wp-image-981 size-full\" srcset=\"https:\/\/folklorisce.si\/wp-content\/uploads\/2023\/02\/Kavar.jpg 584w, https:\/\/folklorisce.si\/wp-content\/uploads\/2023\/02\/Kavar-300x300.jpg 300w, https:\/\/folklorisce.si\/wp-content\/uploads\/2023\/02\/Kavar-150x150.jpg 150w, https:\/\/folklorisce.si\/wp-content\/uploads\/2023\/02\/Kavar-100x100.jpg 100w\" sizes=\"auto, (max-width: 584px) 100vw, 584px\" \/><\/figure><div class=\"wp-block-media-text__content\">\n<p><strong>Ur\u0161a Kavar <\/strong>&#8211; profesorica razrednega pouka, ki ima najve\u010d izku\u0161enj s pou\u010devanjem v drugi triadi. S folklorno dejavnostjo se je za\u010dela ukvarjati kot plesalka pri folklorni skupini Triglav, Slovenski Javornik, nadaljevala pa pri Folklorni skupini Karavanke Tr\u017ei\u010d. Ko je leta 2011 prevzela vrt\u010devsko skupino Kresni\u010dke, se je za\u010dela aktivno udele\u017eevati folklornih taborov, delavnic in seminarjev. \u010cez dve leti je v O\u0160 A. T. Linharta Radovljica ustanovila Otro\u0161ko folklorno skupino \u010c&#8217;belce, s katero se udele\u017euje mnogih nastopov, gostovanj v tujini in sre\u010danj otro\u0161kih folklornih skupin v organizaciji JSKD. &nbsp;V drugi triadi pou\u010duje neobvezni izbirni predmet folklorna dejavnost, vodi interesno dejavnost folklora, vsebine, povezane s folklorno dejavnostjo iz u\u010dnega na\u010drta, u\u010dencem predstavlja na njim razumljiv in zanimiv na\u010din. Svoje izku\u0161nje in ideje deli z drugimi vzgojitelji in u\u010ditelji na seminarjih in v strokovnih besedilih. Njena folklorna skupina \u010c&#8217;belce je delovala tudi \u010dasu epidemije, zanje pa je pripravila inovativne in zanimive vaje, ki so potekale prek spleta.<\/p>\n<\/div><\/div>\n\n\n\n<div style=\"height:100px\" aria-hidden=\"true\" class=\"wp-block-spacer\"><\/div>\n\n\n\n<div class=\"wp-block-media-text alignwide is-stacked-on-mobile\" style=\"grid-template-columns:15% auto\"><figure class=\"wp-block-media-text__media\"><img loading=\"lazy\" decoding=\"async\" width=\"640\" height=\"640\" src=\"https:\/\/folklorisce.si\/wp-content\/uploads\/2023\/02\/ZJ.jpg\" alt=\"\" class=\"wp-image-908 size-full\" srcset=\"https:\/\/folklorisce.si\/wp-content\/uploads\/2023\/02\/ZJ.jpg 640w, https:\/\/folklorisce.si\/wp-content\/uploads\/2023\/02\/ZJ-300x300.jpg 300w, https:\/\/folklorisce.si\/wp-content\/uploads\/2023\/02\/ZJ-150x150.jpg 150w, https:\/\/folklorisce.si\/wp-content\/uploads\/2023\/02\/ZJ-600x600.jpg 600w, https:\/\/folklorisce.si\/wp-content\/uploads\/2023\/02\/ZJ-100x100.jpg 100w\" sizes=\"auto, (max-width: 640px) 100vw, 640px\" \/><\/figure><div class=\"wp-block-media-text__content\">\n<p><strong>\u017diga Jerman <\/strong>&#8211; diplomirani geograf in zgodovinar, leta 2022 pa je magistriral iz zgodovine z nalogo <em>France Marolt in njegov odnos do slovenske kulture<\/em>. Od leta 2019 je aktivni \u010dlan Akademske folklorne skupine France Marolt.<\/p>\n<\/div><\/div>\n\n\n\n<div style=\"height:100px\" aria-hidden=\"true\" class=\"wp-block-spacer\"><\/div>\n\n\n\n<div class=\"wp-block-media-text alignwide is-stacked-on-mobile\" style=\"grid-template-columns:15% auto\"><figure class=\"wp-block-media-text__media\"><img loading=\"lazy\" decoding=\"async\" width=\"1024\" height=\"1024\" src=\"https:\/\/folklorisce.si\/wp-content\/uploads\/2023\/02\/NMM-1024x1024.jpg\" alt=\"\" class=\"wp-image-909 size-full\" srcset=\"https:\/\/folklorisce.si\/wp-content\/uploads\/2023\/02\/NMM-1024x1024.jpg 1024w, https:\/\/folklorisce.si\/wp-content\/uploads\/2023\/02\/NMM-300x300.jpg 300w, https:\/\/folklorisce.si\/wp-content\/uploads\/2023\/02\/NMM-150x150.jpg 150w, https:\/\/folklorisce.si\/wp-content\/uploads\/2023\/02\/NMM-768x768.jpg 768w, https:\/\/folklorisce.si\/wp-content\/uploads\/2023\/02\/NMM-1536x1536.jpg 1536w, https:\/\/folklorisce.si\/wp-content\/uploads\/2023\/02\/NMM-600x600.jpg 600w, https:\/\/folklorisce.si\/wp-content\/uploads\/2023\/02\/NMM-100x100.jpg 100w, https:\/\/folklorisce.si\/wp-content\/uploads\/2023\/02\/NMM.jpg 1996w\" sizes=\"auto, (max-width: 1024px) 100vw, 1024px\" \/><\/figure><div class=\"wp-block-media-text__content\">\n<p><strong>Nina Ma\u017egon M\u00fcller <\/strong>&#8211; Nina Ma\u017egon M\u00fcller zaklju\u010duje \u0161tudij logopedije in surdopedagogike na Pedago\u0161ki fakulteti Univerze v Ljubljani. Trenutno je aktivna plesalka in korepetitorka v folklorni skupini \u017dKUD Tine Ro\u017eanc, svoje plesno znanje pa je \u0161est let nabirala tudi na Konservatoriju za glasbo in balet Ljubljana. Prav tako deluje kot strokovna spremljevalka sre\u010danj otro\u0161kih folklornih skupin.<\/p>\n<\/div><\/div>\n","protected":false},"excerpt":{"rendered":"<p>Anja Verderber &#8211; umetnostna zgodovinarka, etnologinja in kulturna antropologinja ter kot mlada raziskovalka zaposlena na Glasbenonarodopisnem in\u0161titutu ZRC SAZU. Je [&hellip;]<\/p>\n","protected":false},"author":1,"featured_media":0,"parent":0,"menu_order":0,"comment_status":"closed","ping_status":"closed","template":"page-templates\/full-width.php","meta":{"footnotes":""},"class_list":["post-16","page","type-page","status-publish","hentry"],"_links":{"self":[{"href":"https:\/\/folklorisce.si\/index.php?rest_route=\/wp\/v2\/pages\/16","targetHints":{"allow":["GET"]}}],"collection":[{"href":"https:\/\/folklorisce.si\/index.php?rest_route=\/wp\/v2\/pages"}],"about":[{"href":"https:\/\/folklorisce.si\/index.php?rest_route=\/wp\/v2\/types\/page"}],"author":[{"embeddable":true,"href":"https:\/\/folklorisce.si\/index.php?rest_route=\/wp\/v2\/users\/1"}],"replies":[{"embeddable":true,"href":"https:\/\/folklorisce.si\/index.php?rest_route=%2Fwp%2Fv2%2Fcomments&post=16"}],"version-history":[{"count":12,"href":"https:\/\/folklorisce.si\/index.php?rest_route=\/wp\/v2\/pages\/16\/revisions"}],"predecessor-version":[{"id":1024,"href":"https:\/\/folklorisce.si\/index.php?rest_route=\/wp\/v2\/pages\/16\/revisions\/1024"}],"wp:attachment":[{"href":"https:\/\/folklorisce.si\/index.php?rest_route=%2Fwp%2Fv2%2Fmedia&parent=16"}],"curies":[{"name":"wp","href":"https:\/\/api.w.org\/{rel}","templated":true}]}}