{"id":1579,"date":"2025-01-14T22:05:00","date_gmt":"2025-01-14T22:05:00","guid":{"rendered":"https:\/\/folklorisce.si\/?page_id=1579"},"modified":"2025-01-14T23:21:05","modified_gmt":"2025-01-14T23:21:05","slug":"primer-dobre-prakse-sitna-muha","status":"publish","type":"page","link":"https:\/\/folklorisce.si\/?page_id=1579","title":{"rendered":"PRIMER DOBRE PRAKSE &#8211; SITNA MUHA"},"content":{"rendered":"<p>Koreografija: Sitna muha<\/p>\n<p>Avtorici koreografije: Lea Burger in Petra Nogra\u0161ek<\/p>\n<hr \/>\n<p>Koreografija Sitna muha je bila nagrajena z izborom in uvrstitvijo na dr\u017eavno sre\u010danje otro\u0161kih folklornih skupin \u2013 Ringaraja 2023. Avtorici koreografije oziroma odrske postavitve, ki po strokovnih ocenah predstavlja primer dobre prakse, sta podali soglasje za njeno uporabo v u\u010dne namene in za javno nastopanje v okviru folklorne dejavnosti. V primeru javnega uprizarjanja je potrebno navesti ime in priimek obeh avtoric.<\/p>\n<p>Odrska postavitev je namenjena otrokom starim od 4 do 12 let in je plesno diferencirana. Prva skupina: pred\u0161olski otroci, Druga skupina: 1. do 3. razred, Tretja skupina: 4. do 7. razred<\/p>\n<hr \/>\n\n\n<div class=\"wp-block-file\"><a id=\"wp-block-file--media-12095bd1-fe65-4a40-a334-0e0677866636\" href=\"https:\/\/folklorisce.si\/wp-content\/uploads\/2025\/01\/odrska-postavitev_Sitna-muha-1.pdf\">PDF KOREOGRAFIJE SITNA MUHA<\/a><a href=\"https:\/\/folklorisce.si\/wp-content\/uploads\/2025\/01\/odrska-postavitev_Sitna-muha-1.pdf\" class=\"wp-block-file__button wp-element-button\" download aria-describedby=\"wp-block-file--media-12095bd1-fe65-4a40-a334-0e0677866636\">Download<\/a><\/div>\n\n\n\n<div class=\"wp-block-group\"><div class=\"wp-block-group__inner-container is-layout-constrained wp-block-group-is-layout-constrained\">\n<hr class=\"wp-block-separator has-alpha-channel-opacity\"\/>\n<\/div><\/div>\n\n\n\n<div style=\"height:40px\" aria-hidden=\"true\" class=\"wp-block-spacer\"><\/div>\n\n\n\n<figure class=\"wp-block-image size-large\"><a href=\"https:\/\/youtu.be\/SCAXIN6hKD8\" target=\"_blank\" rel=\" noreferrer noopener\"><img loading=\"lazy\" decoding=\"async\" width=\"1024\" height=\"576\" src=\"https:\/\/folklorisce.si\/wp-content\/uploads\/2025\/01\/SITNAMUHA_koreografija-1024x576.png\" alt=\"\" class=\"wp-image-1580\" srcset=\"https:\/\/folklorisce.si\/wp-content\/uploads\/2025\/01\/SITNAMUHA_koreografija-1024x576.png 1024w, https:\/\/folklorisce.si\/wp-content\/uploads\/2025\/01\/SITNAMUHA_koreografija-300x169.png 300w, https:\/\/folklorisce.si\/wp-content\/uploads\/2025\/01\/SITNAMUHA_koreografija-768x432.png 768w, https:\/\/folklorisce.si\/wp-content\/uploads\/2025\/01\/SITNAMUHA_koreografija-1536x864.png 1536w, https:\/\/folklorisce.si\/wp-content\/uploads\/2025\/01\/SITNAMUHA_koreografija-600x338.png 600w, https:\/\/folklorisce.si\/wp-content\/uploads\/2025\/01\/SITNAMUHA_koreografija.png 1920w\" sizes=\"auto, (max-width: 1024px) 100vw, 1024px\" \/><\/a><\/figure>\n\n\n\n<div style=\"height:40px\" aria-hidden=\"true\" class=\"wp-block-spacer\"><\/div>\n\n\n\n<figure class=\"wp-block-image size-large\"><a href=\"https:\/\/youtu.be\/nMzn45MYNKI\"><img loading=\"lazy\" decoding=\"async\" width=\"1024\" height=\"576\" src=\"https:\/\/folklorisce.si\/wp-content\/uploads\/2025\/01\/SITNAMUHA_koreografija_detajli-1024x576.png\" alt=\"\" class=\"wp-image-1581\" srcset=\"https:\/\/folklorisce.si\/wp-content\/uploads\/2025\/01\/SITNAMUHA_koreografija_detajli-1024x576.png 1024w, https:\/\/folklorisce.si\/wp-content\/uploads\/2025\/01\/SITNAMUHA_koreografija_detajli-300x169.png 300w, https:\/\/folklorisce.si\/wp-content\/uploads\/2025\/01\/SITNAMUHA_koreografija_detajli-768x432.png 768w, https:\/\/folklorisce.si\/wp-content\/uploads\/2025\/01\/SITNAMUHA_koreografija_detajli-1536x864.png 1536w, https:\/\/folklorisce.si\/wp-content\/uploads\/2025\/01\/SITNAMUHA_koreografija_detajli-600x338.png 600w, https:\/\/folklorisce.si\/wp-content\/uploads\/2025\/01\/SITNAMUHA_koreografija_detajli.png 1920w\" sizes=\"auto, (max-width: 1024px) 100vw, 1024px\" \/><\/a><\/figure>\n\n\n\n<div style=\"height:40px\" aria-hidden=\"true\" class=\"wp-block-spacer\"><\/div>\n\n\n\n<figure class=\"wp-block-image size-large\"><a href=\"https:\/\/youtu.be\/yEc8_Clrg_g\"><img loading=\"lazy\" decoding=\"async\" width=\"1024\" height=\"576\" src=\"https:\/\/folklorisce.si\/wp-content\/uploads\/2025\/01\/SITNAMUHA_tojetistamuha-1024x576.png\" alt=\"\" class=\"wp-image-1585\" srcset=\"https:\/\/folklorisce.si\/wp-content\/uploads\/2025\/01\/SITNAMUHA_tojetistamuha-1024x576.png 1024w, https:\/\/folklorisce.si\/wp-content\/uploads\/2025\/01\/SITNAMUHA_tojetistamuha-300x169.png 300w, https:\/\/folklorisce.si\/wp-content\/uploads\/2025\/01\/SITNAMUHA_tojetistamuha-768x432.png 768w, https:\/\/folklorisce.si\/wp-content\/uploads\/2025\/01\/SITNAMUHA_tojetistamuha-1536x864.png 1536w, https:\/\/folklorisce.si\/wp-content\/uploads\/2025\/01\/SITNAMUHA_tojetistamuha-600x338.png 600w, https:\/\/folklorisce.si\/wp-content\/uploads\/2025\/01\/SITNAMUHA_tojetistamuha.png 1920w\" sizes=\"auto, (max-width: 1024px) 100vw, 1024px\" \/><\/a><\/figure>\n\n\n\n<div style=\"height:40px\" aria-hidden=\"true\" class=\"wp-block-spacer\"><\/div>\n\n\n\n<figure class=\"wp-block-image size-large\"><a href=\"https:\/\/youtu.be\/MQwK21vO6S8\"><img loading=\"lazy\" decoding=\"async\" width=\"1024\" height=\"576\" src=\"https:\/\/folklorisce.si\/wp-content\/uploads\/2025\/01\/SITNAMUHA_sotis-1024x576.png\" alt=\"\" class=\"wp-image-1584\" srcset=\"https:\/\/folklorisce.si\/wp-content\/uploads\/2025\/01\/SITNAMUHA_sotis-1024x576.png 1024w, https:\/\/folklorisce.si\/wp-content\/uploads\/2025\/01\/SITNAMUHA_sotis-300x169.png 300w, https:\/\/folklorisce.si\/wp-content\/uploads\/2025\/01\/SITNAMUHA_sotis-768x432.png 768w, https:\/\/folklorisce.si\/wp-content\/uploads\/2025\/01\/SITNAMUHA_sotis-1536x864.png 1536w, https:\/\/folklorisce.si\/wp-content\/uploads\/2025\/01\/SITNAMUHA_sotis-600x338.png 600w, https:\/\/folklorisce.si\/wp-content\/uploads\/2025\/01\/SITNAMUHA_sotis.png 1920w\" sizes=\"auto, (max-width: 1024px) 100vw, 1024px\" \/><\/a><\/figure>\n\n\n\n<div style=\"height:40px\" aria-hidden=\"true\" class=\"wp-block-spacer\"><\/div>\n\n\n\n<figure class=\"wp-block-image size-large\"><a href=\"https:\/\/youtu.be\/km4wJ-27C0s\"><img loading=\"lazy\" decoding=\"async\" width=\"1024\" height=\"576\" src=\"https:\/\/folklorisce.si\/wp-content\/uploads\/2025\/01\/SITNAMUHA_marjanca-1024x576.png\" alt=\"\" class=\"wp-image-1582\" srcset=\"https:\/\/folklorisce.si\/wp-content\/uploads\/2025\/01\/SITNAMUHA_marjanca-1024x576.png 1024w, https:\/\/folklorisce.si\/wp-content\/uploads\/2025\/01\/SITNAMUHA_marjanca-300x169.png 300w, https:\/\/folklorisce.si\/wp-content\/uploads\/2025\/01\/SITNAMUHA_marjanca-768x432.png 768w, https:\/\/folklorisce.si\/wp-content\/uploads\/2025\/01\/SITNAMUHA_marjanca-1536x864.png 1536w, https:\/\/folklorisce.si\/wp-content\/uploads\/2025\/01\/SITNAMUHA_marjanca-600x338.png 600w, https:\/\/folklorisce.si\/wp-content\/uploads\/2025\/01\/SITNAMUHA_marjanca.png 1920w\" sizes=\"auto, (max-width: 1024px) 100vw, 1024px\" \/><\/a><\/figure>\n\n\n\n<div style=\"height:40px\" aria-hidden=\"true\" class=\"wp-block-spacer\"><\/div>\n\n\n\n<figure class=\"wp-block-image size-large\"><a href=\"https:\/\/youtu.be\/bEFfgxWsYQw\"><img loading=\"lazy\" decoding=\"async\" width=\"1024\" height=\"576\" src=\"https:\/\/folklorisce.si\/wp-content\/uploads\/2025\/01\/SITNAMUHA_pesem-1024x576.png\" alt=\"\" class=\"wp-image-1583\" srcset=\"https:\/\/folklorisce.si\/wp-content\/uploads\/2025\/01\/SITNAMUHA_pesem-1024x576.png 1024w, https:\/\/folklorisce.si\/wp-content\/uploads\/2025\/01\/SITNAMUHA_pesem-300x169.png 300w, https:\/\/folklorisce.si\/wp-content\/uploads\/2025\/01\/SITNAMUHA_pesem-768x432.png 768w, https:\/\/folklorisce.si\/wp-content\/uploads\/2025\/01\/SITNAMUHA_pesem-1536x864.png 1536w, https:\/\/folklorisce.si\/wp-content\/uploads\/2025\/01\/SITNAMUHA_pesem-600x338.png 600w, https:\/\/folklorisce.si\/wp-content\/uploads\/2025\/01\/SITNAMUHA_pesem.png 1920w\" sizes=\"auto, (max-width: 1024px) 100vw, 1024px\" \/><\/a><\/figure>\n\n\n\n<p><\/p>\n","protected":false},"excerpt":{"rendered":"<p>Koreografija: Sitna muha Avtorici koreografije: Lea Burger in Petra Nogra\u0161ek Koreografija Sitna muha je bila nagrajena z izborom in uvrstitvijo [&hellip;]<\/p>\n","protected":false},"author":1,"featured_media":0,"parent":0,"menu_order":0,"comment_status":"closed","ping_status":"closed","template":"","meta":{"footnotes":""},"class_list":["post-1579","page","type-page","status-publish","hentry"],"_links":{"self":[{"href":"https:\/\/folklorisce.si\/index.php?rest_route=\/wp\/v2\/pages\/1579","targetHints":{"allow":["GET"]}}],"collection":[{"href":"https:\/\/folklorisce.si\/index.php?rest_route=\/wp\/v2\/pages"}],"about":[{"href":"https:\/\/folklorisce.si\/index.php?rest_route=\/wp\/v2\/types\/page"}],"author":[{"embeddable":true,"href":"https:\/\/folklorisce.si\/index.php?rest_route=\/wp\/v2\/users\/1"}],"replies":[{"embeddable":true,"href":"https:\/\/folklorisce.si\/index.php?rest_route=%2Fwp%2Fv2%2Fcomments&post=1579"}],"version-history":[{"count":13,"href":"https:\/\/folklorisce.si\/index.php?rest_route=\/wp\/v2\/pages\/1579\/revisions"}],"predecessor-version":[{"id":1607,"href":"https:\/\/folklorisce.si\/index.php?rest_route=\/wp\/v2\/pages\/1579\/revisions\/1607"}],"wp:attachment":[{"href":"https:\/\/folklorisce.si\/index.php?rest_route=%2Fwp%2Fv2%2Fmedia&parent=1579"}],"curies":[{"name":"wp","href":"https:\/\/api.w.org\/{rel}","templated":true}]}}