{"id":1569,"date":"2024-01-11T13:20:54","date_gmt":"2024-01-11T13:20:54","guid":{"rendered":"https:\/\/folklorisce.si\/?page_id=1569"},"modified":"2024-01-11T13:21:01","modified_gmt":"2024-01-11T13:21:01","slug":"manjkajoci-korak","status":"publish","type":"page","link":"https:\/\/folklorisce.si\/?page_id=1569","title":{"rendered":"MANJKAJO\u010cI KORAK"},"content":{"rendered":"<p><strong>Namen:<\/strong> razvijanje ritma, urjenje koncentracije<\/p>\n<p><strong>Opis:<\/strong> plesalci so z enakomerno medsebojno razdaljo postavljeni po kro\u017enici, z obrazom so obrnjeni proti sredi\u0161\u010du kroga. Po usklajenem ritmu (lahko ob udarjanju z ritmi\u010dnim in\u0161trumentom, lahko ob spremljavi glasbe\/petja) korakajo najprej 8 korakov proti sredi\u0161\u010du kroga in nato 8 korakov vzvratno iz sredi\u0161\u010da kroga. Pozorni smo, da plesalci dr\u017eijo zadostno medsebojno razdaljo, da bodo vseh 8 korakov izvedli brez gnetenja v sredi\u0161\u010du kro\u017enice. Ob vsaki ponovitvi korakanja v in iz sredi\u0161\u010da kroga odvzamemo po en korak in ga nadomestimo s ploskom. Ob prvi ponovitvi tako izvedemo dvakrat po 7 korakov in 1 plosk, ob drugi ponovitvi dvakrat po 6 korakov in 2 ploska in tako naprej, dokler ne pridemo do 16 ploskov na mestu brez korakanja. Pazimo, da ob manj\u0161anju kroga dr\u017eimo enakomerno medsebojno razdaljo, da korakamo po ritmu ter da tudi ploske izvedemo po ritmu, usklajeno.<\/p>\n<p><strong>Razli\u010dice:<\/strong><\/p>\n<ul>\n<li>plosk lahko nadomestimo tudi s potrkom z nogo ob tla, tleskanjem s prsti, po\u010depom, vzklikom itd. Bolj, ko bo naloga razgibana, bolj bo zahtevna za pomnjenje in urjenje koncentracije;<\/li>\n<li>\u010de na\u0161e korakanje spremlja \u017eiva glasba, lahko spreminjamo tudi tempo korakanja.<\/li>\n<\/ul>\n","protected":false},"excerpt":{"rendered":"<p>Namen: razvijanje ritma, urjenje koncentracije Opis: plesalci so z enakomerno medsebojno razdaljo postavljeni po kro\u017enici, z obrazom so obrnjeni proti [&hellip;]<\/p>\n","protected":false},"author":1,"featured_media":0,"parent":0,"menu_order":0,"comment_status":"closed","ping_status":"closed","template":"","meta":{"footnotes":""},"class_list":["post-1569","page","type-page","status-publish","hentry"],"_links":{"self":[{"href":"https:\/\/folklorisce.si\/index.php?rest_route=\/wp\/v2\/pages\/1569","targetHints":{"allow":["GET"]}}],"collection":[{"href":"https:\/\/folklorisce.si\/index.php?rest_route=\/wp\/v2\/pages"}],"about":[{"href":"https:\/\/folklorisce.si\/index.php?rest_route=\/wp\/v2\/types\/page"}],"author":[{"embeddable":true,"href":"https:\/\/folklorisce.si\/index.php?rest_route=\/wp\/v2\/users\/1"}],"replies":[{"embeddable":true,"href":"https:\/\/folklorisce.si\/index.php?rest_route=%2Fwp%2Fv2%2Fcomments&post=1569"}],"version-history":[{"count":1,"href":"https:\/\/folklorisce.si\/index.php?rest_route=\/wp\/v2\/pages\/1569\/revisions"}],"predecessor-version":[{"id":1570,"href":"https:\/\/folklorisce.si\/index.php?rest_route=\/wp\/v2\/pages\/1569\/revisions\/1570"}],"wp:attachment":[{"href":"https:\/\/folklorisce.si\/index.php?rest_route=%2Fwp%2Fv2%2Fmedia&parent=1569"}],"curies":[{"name":"wp","href":"https:\/\/api.w.org\/{rel}","templated":true}]}}