{"id":1542,"date":"2024-01-10T09:11:44","date_gmt":"2024-01-10T09:11:44","guid":{"rendered":"https:\/\/folklorisce.si\/?page_id=1542"},"modified":"2024-01-10T09:11:44","modified_gmt":"2024-01-10T09:11:44","slug":"jezek-in-hruska","status":"publish","type":"page","link":"https:\/\/folklorisce.si\/?page_id=1542","title":{"rendered":"JE\u017dEK IN HRU\u0160KA"},"content":{"rendered":"<p><strong>Namen:<\/strong> razvijanje skupinske koordinacije in koordinacije v prostoru, hitrega odzivanja in opazovanja okolice<\/p>\n<p><strong>Opis:<\/strong> naklju\u010dno se gibamo po prostoru. Vsak \u010dlan skupine si v mislih izbere nekoga, ki zanj predstavlja hru\u0161ko in mu med gibanjem po prostoru sledi na dolo\u010deni razdalji. Nato si v mislih izbere \u0161e nekoga, ki zanj predstavlja je\u017eka. Med gibanjem po prostoru pazi, da vedno stoji med je\u017ekom in hru\u0161ko, da \u00bbje\u017eek ne odnese hru\u0161ke\u00ab.<\/p>\n","protected":false},"excerpt":{"rendered":"<p>Namen: razvijanje skupinske koordinacije in koordinacije v prostoru, hitrega odzivanja in opazovanja okolice Opis: naklju\u010dno se gibamo po prostoru. Vsak [&hellip;]<\/p>\n","protected":false},"author":1,"featured_media":0,"parent":0,"menu_order":0,"comment_status":"closed","ping_status":"closed","template":"","meta":{"footnotes":""},"class_list":["post-1542","page","type-page","status-publish","hentry"],"_links":{"self":[{"href":"https:\/\/folklorisce.si\/index.php?rest_route=\/wp\/v2\/pages\/1542","targetHints":{"allow":["GET"]}}],"collection":[{"href":"https:\/\/folklorisce.si\/index.php?rest_route=\/wp\/v2\/pages"}],"about":[{"href":"https:\/\/folklorisce.si\/index.php?rest_route=\/wp\/v2\/types\/page"}],"author":[{"embeddable":true,"href":"https:\/\/folklorisce.si\/index.php?rest_route=\/wp\/v2\/users\/1"}],"replies":[{"embeddable":true,"href":"https:\/\/folklorisce.si\/index.php?rest_route=%2Fwp%2Fv2%2Fcomments&post=1542"}],"version-history":[{"count":1,"href":"https:\/\/folklorisce.si\/index.php?rest_route=\/wp\/v2\/pages\/1542\/revisions"}],"predecessor-version":[{"id":1543,"href":"https:\/\/folklorisce.si\/index.php?rest_route=\/wp\/v2\/pages\/1542\/revisions\/1543"}],"wp:attachment":[{"href":"https:\/\/folklorisce.si\/index.php?rest_route=%2Fwp%2Fv2%2Fmedia&parent=1542"}],"curies":[{"name":"wp","href":"https:\/\/api.w.org\/{rel}","templated":true}]}}