{"id":1515,"date":"2024-01-09T13:29:00","date_gmt":"2024-01-09T13:29:00","guid":{"rendered":"https:\/\/folklorisce.si\/?page_id=1515"},"modified":"2024-01-09T13:29:00","modified_gmt":"2024-01-09T13:29:00","slug":"carobni-skrati","status":"publish","type":"page","link":"https:\/\/folklorisce.si\/?page_id=1515","title":{"rendered":"\u010cAROBNI \u0160KRATI"},"content":{"rendered":"<p><strong>Namen:<\/strong> razvijanje hitrega odzivanja<\/p>\n<p><strong>Opis:<\/strong> stojimo v krogu, obrnjeni proti sredi\u0161\u010du. Dolo\u010dimo osebo, ki predstavlja \u00bb\u010darobnega \u0161krata\u00ab s \u00bb\u010darobnim laserjem\u00ab. Z njim usmerjeno \u00bbstrelja\u00ab pod noge in nad glave udele\u017eencev v krogu, ti pa se morajo laserju hitro izogniti s po\u010depom (\u00bbstrel\u00ab nad glavo) ali poskokom (\u00bbstrel\u00ab pod nogami).<\/p>\n","protected":false},"excerpt":{"rendered":"<p>Namen: razvijanje hitrega odzivanja Opis: stojimo v krogu, obrnjeni proti sredi\u0161\u010du. Dolo\u010dimo osebo, ki predstavlja \u00bb\u010darobnega \u0161krata\u00ab s \u00bb\u010darobnim laserjem\u00ab. [&hellip;]<\/p>\n","protected":false},"author":1,"featured_media":0,"parent":0,"menu_order":0,"comment_status":"closed","ping_status":"closed","template":"","meta":{"footnotes":""},"class_list":["post-1515","page","type-page","status-publish","hentry"],"_links":{"self":[{"href":"https:\/\/folklorisce.si\/index.php?rest_route=\/wp\/v2\/pages\/1515","targetHints":{"allow":["GET"]}}],"collection":[{"href":"https:\/\/folklorisce.si\/index.php?rest_route=\/wp\/v2\/pages"}],"about":[{"href":"https:\/\/folklorisce.si\/index.php?rest_route=\/wp\/v2\/types\/page"}],"author":[{"embeddable":true,"href":"https:\/\/folklorisce.si\/index.php?rest_route=\/wp\/v2\/users\/1"}],"replies":[{"embeddable":true,"href":"https:\/\/folklorisce.si\/index.php?rest_route=%2Fwp%2Fv2%2Fcomments&post=1515"}],"version-history":[{"count":1,"href":"https:\/\/folklorisce.si\/index.php?rest_route=\/wp\/v2\/pages\/1515\/revisions"}],"predecessor-version":[{"id":1516,"href":"https:\/\/folklorisce.si\/index.php?rest_route=\/wp\/v2\/pages\/1515\/revisions\/1516"}],"wp:attachment":[{"href":"https:\/\/folklorisce.si\/index.php?rest_route=%2Fwp%2Fv2%2Fmedia&parent=1515"}],"curies":[{"name":"wp","href":"https:\/\/api.w.org\/{rel}","templated":true}]}}