{"id":1505,"date":"2024-01-09T13:24:38","date_gmt":"2024-01-09T13:24:38","guid":{"rendered":"https:\/\/folklorisce.si\/?page_id=1505"},"modified":"2024-01-09T13:24:38","modified_gmt":"2024-01-09T13:24:38","slug":"zapolni-prazno-luknjo","status":"publish","type":"page","link":"https:\/\/folklorisce.si\/?page_id=1505","title":{"rendered":"ZAPOLNI PRAZNO LUKNJO"},"content":{"rendered":"<p><strong>Namen<\/strong>: razvijanje koordinacije v prostoru, skupinske koordinacije in opazovanja okolice<\/p>\n<p><strong>Opis:<\/strong> razporedimo se po prostoru. Na vnaprej dogovorjeni znak se za\u010dnemo hitro premikati v razli\u010dne smeri, pri tem pa pazimo, da \u010dim prej zapolnimo prazen prostor, ki nastane med premikanjem \u010dlanov skupine po prostoru. Med gibanjem lahko predvajamo glasbo in hodimo po ritmu, medtem pa lahko dolo\u010damo razli\u010dne na\u010dine premikanja itd.<\/p>\n","protected":false},"excerpt":{"rendered":"<p>Namen: razvijanje koordinacije v prostoru, skupinske koordinacije in opazovanja okolice Opis: razporedimo se po prostoru. Na vnaprej dogovorjeni znak se [&hellip;]<\/p>\n","protected":false},"author":1,"featured_media":0,"parent":0,"menu_order":0,"comment_status":"closed","ping_status":"closed","template":"","meta":{"footnotes":""},"class_list":["post-1505","page","type-page","status-publish","hentry"],"_links":{"self":[{"href":"https:\/\/folklorisce.si\/index.php?rest_route=\/wp\/v2\/pages\/1505","targetHints":{"allow":["GET"]}}],"collection":[{"href":"https:\/\/folklorisce.si\/index.php?rest_route=\/wp\/v2\/pages"}],"about":[{"href":"https:\/\/folklorisce.si\/index.php?rest_route=\/wp\/v2\/types\/page"}],"author":[{"embeddable":true,"href":"https:\/\/folklorisce.si\/index.php?rest_route=\/wp\/v2\/users\/1"}],"replies":[{"embeddable":true,"href":"https:\/\/folklorisce.si\/index.php?rest_route=%2Fwp%2Fv2%2Fcomments&post=1505"}],"version-history":[{"count":1,"href":"https:\/\/folklorisce.si\/index.php?rest_route=\/wp\/v2\/pages\/1505\/revisions"}],"predecessor-version":[{"id":1506,"href":"https:\/\/folklorisce.si\/index.php?rest_route=\/wp\/v2\/pages\/1505\/revisions\/1506"}],"wp:attachment":[{"href":"https:\/\/folklorisce.si\/index.php?rest_route=%2Fwp%2Fv2%2Fmedia&parent=1505"}],"curies":[{"name":"wp","href":"https:\/\/api.w.org\/{rel}","templated":true}]}}