{"id":1493,"date":"2024-01-09T13:19:43","date_gmt":"2024-01-09T13:19:43","guid":{"rendered":"https:\/\/folklorisce.si\/?page_id=1493"},"modified":"2024-01-09T13:19:43","modified_gmt":"2024-01-09T13:19:43","slug":"slalom-okrog-plesalcev","status":"publish","type":"page","link":"https:\/\/folklorisce.si\/?page_id=1493","title":{"rendered":"SLALOM OKROG PLESALCEV"},"content":{"rendered":"<p><strong>Namen:<\/strong> razvijanje skupinske koordinacije in hitrega odzivanja<\/p>\n<p><strong>Opis:<\/strong> postavimo se v krog, med posamezniki mora biti dovolj prostora za eno navidezno osebo. Dolo\u010dimo osebo, ki za\u010dne te\u010di okoli stoje\u010dih v krogu. Ko ta prite\u010de nazaj na svoje mesto, za\u010dne te\u010di oseba na njegovi desni. Sku\u0161amo se \u010dim prej vrniti na svoje mesto, pri tem pa smo pozorni, da se ne zaletimo v stoje\u010de \u00bbovire\u00ab. Ko igro dobro usvojimo, dolo\u010dimo dve osebi na razli\u010dnih koncih kroga, ki za\u010dneta te\u010di hkrati. Nato lahko za opravljanje te naloge dolo\u010dimo tudi ve\u010d oseb.<\/p>\n","protected":false},"excerpt":{"rendered":"<p>Namen: razvijanje skupinske koordinacije in hitrega odzivanja Opis: postavimo se v krog, med posamezniki mora biti dovolj prostora za eno [&hellip;]<\/p>\n","protected":false},"author":1,"featured_media":0,"parent":0,"menu_order":0,"comment_status":"closed","ping_status":"closed","template":"","meta":{"footnotes":""},"class_list":["post-1493","page","type-page","status-publish","hentry"],"_links":{"self":[{"href":"https:\/\/folklorisce.si\/index.php?rest_route=\/wp\/v2\/pages\/1493","targetHints":{"allow":["GET"]}}],"collection":[{"href":"https:\/\/folklorisce.si\/index.php?rest_route=\/wp\/v2\/pages"}],"about":[{"href":"https:\/\/folklorisce.si\/index.php?rest_route=\/wp\/v2\/types\/page"}],"author":[{"embeddable":true,"href":"https:\/\/folklorisce.si\/index.php?rest_route=\/wp\/v2\/users\/1"}],"replies":[{"embeddable":true,"href":"https:\/\/folklorisce.si\/index.php?rest_route=%2Fwp%2Fv2%2Fcomments&post=1493"}],"version-history":[{"count":1,"href":"https:\/\/folklorisce.si\/index.php?rest_route=\/wp\/v2\/pages\/1493\/revisions"}],"predecessor-version":[{"id":1495,"href":"https:\/\/folklorisce.si\/index.php?rest_route=\/wp\/v2\/pages\/1493\/revisions\/1495"}],"wp:attachment":[{"href":"https:\/\/folklorisce.si\/index.php?rest_route=%2Fwp%2Fv2%2Fmedia&parent=1493"}],"curies":[{"name":"wp","href":"https:\/\/api.w.org\/{rel}","templated":true}]}}