{"id":1484,"date":"2024-01-09T13:10:04","date_gmt":"2024-01-09T13:10:04","guid":{"rendered":"https:\/\/folklorisce.si\/?page_id=1484"},"modified":"2024-01-09T13:10:04","modified_gmt":"2024-01-09T13:10:04","slug":"vozli","status":"publish","type":"page","link":"https:\/\/folklorisce.si\/?page_id=1484","title":{"rendered":"VOZLI"},"content":{"rendered":"<p><strong>Namen:<\/strong> razvijanje skupinske koordinacije<\/p>\n<p><strong>Opis:<\/strong> v skupini se mi\u017ee in naklju\u010dno primemo za roke, da nastane skupinska \u00bbzavozlana vrv\u00ab, nato pa se sku\u0161amo brez besed odvozlati v \u00bbravno vrv\u00ab. Naloga je u\u010dinkovitej\u0161a, \u010de v njej sodeluje ve\u010d udele\u017eencev, ki se na za\u010detku \u010dim bolj prepletejo med seboj.<\/p>\n","protected":false},"excerpt":{"rendered":"<p>Namen: razvijanje skupinske koordinacije Opis: v skupini se mi\u017ee in naklju\u010dno primemo za roke, da nastane skupinska \u00bbzavozlana vrv\u00ab, nato [&hellip;]<\/p>\n","protected":false},"author":1,"featured_media":0,"parent":0,"menu_order":0,"comment_status":"closed","ping_status":"closed","template":"","meta":{"footnotes":""},"class_list":["post-1484","page","type-page","status-publish","hentry"],"_links":{"self":[{"href":"https:\/\/folklorisce.si\/index.php?rest_route=\/wp\/v2\/pages\/1484","targetHints":{"allow":["GET"]}}],"collection":[{"href":"https:\/\/folklorisce.si\/index.php?rest_route=\/wp\/v2\/pages"}],"about":[{"href":"https:\/\/folklorisce.si\/index.php?rest_route=\/wp\/v2\/types\/page"}],"author":[{"embeddable":true,"href":"https:\/\/folklorisce.si\/index.php?rest_route=\/wp\/v2\/users\/1"}],"replies":[{"embeddable":true,"href":"https:\/\/folklorisce.si\/index.php?rest_route=%2Fwp%2Fv2%2Fcomments&post=1484"}],"version-history":[{"count":1,"href":"https:\/\/folklorisce.si\/index.php?rest_route=\/wp\/v2\/pages\/1484\/revisions"}],"predecessor-version":[{"id":1486,"href":"https:\/\/folklorisce.si\/index.php?rest_route=\/wp\/v2\/pages\/1484\/revisions\/1486"}],"wp:attachment":[{"href":"https:\/\/folklorisce.si\/index.php?rest_route=%2Fwp%2Fv2%2Fmedia&parent=1484"}],"curies":[{"name":"wp","href":"https:\/\/api.w.org\/{rel}","templated":true}]}}