{"id":1476,"date":"2024-01-09T13:07:33","date_gmt":"2024-01-09T13:07:33","guid":{"rendered":"https:\/\/folklorisce.si\/?page_id=1476"},"modified":"2024-01-09T13:08:43","modified_gmt":"2024-01-09T13:08:43","slug":"varnostniki","status":"publish","type":"page","link":"https:\/\/folklorisce.si\/?page_id=1476","title":{"rendered":"VARNOSTNIKI"},"content":{"rendered":"\n<p style=\"font-size:20px\"><strong>Namen:<\/strong> razvijanje natan\u010dnega opazovanja, hitrega odzivanja in koordinacije v prostoru<\/p>\n\n\n\n<p><\/p>\n\n\n\n<p><strong>Opis:<\/strong> dolo\u010dimo osebo, ki stoji na sredini gru\u010de in se premika po prostoru v razli\u010dne smeri (naprej, nazaj, s sunkovitim obratom v drugo smer itd.), preostali tesno sledijo tej osebi in so pozorni na to, da je vedno v sredi\u0161\u010du skupine.<\/p>\n","protected":false},"excerpt":{"rendered":"<p>Namen: razvijanje natan\u010dnega opazovanja, hitrega odzivanja in koordinacije v prostoru Opis: dolo\u010dimo osebo, ki stoji na sredini gru\u010de in se [&hellip;]<\/p>\n","protected":false},"author":1,"featured_media":0,"parent":0,"menu_order":0,"comment_status":"closed","ping_status":"closed","template":"","meta":{"footnotes":""},"class_list":["post-1476","page","type-page","status-publish","hentry"],"_links":{"self":[{"href":"https:\/\/folklorisce.si\/index.php?rest_route=\/wp\/v2\/pages\/1476","targetHints":{"allow":["GET"]}}],"collection":[{"href":"https:\/\/folklorisce.si\/index.php?rest_route=\/wp\/v2\/pages"}],"about":[{"href":"https:\/\/folklorisce.si\/index.php?rest_route=\/wp\/v2\/types\/page"}],"author":[{"embeddable":true,"href":"https:\/\/folklorisce.si\/index.php?rest_route=\/wp\/v2\/users\/1"}],"replies":[{"embeddable":true,"href":"https:\/\/folklorisce.si\/index.php?rest_route=%2Fwp%2Fv2%2Fcomments&post=1476"}],"version-history":[{"count":3,"href":"https:\/\/folklorisce.si\/index.php?rest_route=\/wp\/v2\/pages\/1476\/revisions"}],"predecessor-version":[{"id":1480,"href":"https:\/\/folklorisce.si\/index.php?rest_route=\/wp\/v2\/pages\/1476\/revisions\/1480"}],"wp:attachment":[{"href":"https:\/\/folklorisce.si\/index.php?rest_route=%2Fwp%2Fv2%2Fmedia&parent=1476"}],"curies":[{"name":"wp","href":"https:\/\/api.w.org\/{rel}","templated":true}]}}