{"id":1457,"date":"2024-01-09T13:01:17","date_gmt":"2024-01-09T13:01:17","guid":{"rendered":"https:\/\/folklorisce.si\/?page_id=1457"},"modified":"2024-01-09T13:01:34","modified_gmt":"2024-01-09T13:01:34","slug":"zanimiva-hoja","status":"publish","type":"page","link":"https:\/\/folklorisce.si\/?page_id=1457","title":{"rendered":"ZANIMIVA HOJA"},"content":{"rendered":"\n<p><strong>Namen:<\/strong> razvijanje ritma in ozave\u0161\u010danje razli\u010dnih na\u010dinov gibanja<\/p>\n\n\n\n<p><\/p>\n\n\n\n<p><strong>Opis:<\/strong> po ritmu glasbe hodimo po prostoru, vodja dolo\u010da razli\u010dne na\u010dine gibanja in hoje:<\/p>\n\n\n\n<ul class=\"wp-block-list\">\n<li>obi\u010dajna hoja,<\/li>\n\n\n\n<li>hoja po petah,<\/li>\n\n\n\n<li>hoja po sprednjem delu stopala (po blazinicah in prstih),<\/li>\n\n\n\n<li>hoja po zunanjem\/notranjem delu stopala,<\/li>\n\n\n\n<li>\u0160epanje na eno nogo,<\/li>\n\n\n\n<li>opona\u0161anje \u010dustev in stanj (\u017ealost, veselje, strah),<\/li>\n\n\n\n<li>opona\u0161anje gibanja \u017eivali (sloni, \u017eabe, \u010daplje, lisice, medvedi),<\/li>\n\n\n\n<li>opona\u0161anje gibanja filmskih likov,<\/li>\n\n\n\n<li>opona\u0161anje &nbsp;gest, kretenj posameznih poklicev (baletniki, vojaki, frizerji).<\/li>\n<\/ul>\n","protected":false},"excerpt":{"rendered":"<p>Namen: razvijanje ritma in ozave\u0161\u010danje razli\u010dnih na\u010dinov gibanja Opis: po ritmu glasbe hodimo po prostoru, vodja dolo\u010da razli\u010dne na\u010dine gibanja [&hellip;]<\/p>\n","protected":false},"author":1,"featured_media":0,"parent":0,"menu_order":0,"comment_status":"closed","ping_status":"closed","template":"","meta":{"footnotes":""},"class_list":["post-1457","page","type-page","status-publish","hentry"],"_links":{"self":[{"href":"https:\/\/folklorisce.si\/index.php?rest_route=\/wp\/v2\/pages\/1457","targetHints":{"allow":["GET"]}}],"collection":[{"href":"https:\/\/folklorisce.si\/index.php?rest_route=\/wp\/v2\/pages"}],"about":[{"href":"https:\/\/folklorisce.si\/index.php?rest_route=\/wp\/v2\/types\/page"}],"author":[{"embeddable":true,"href":"https:\/\/folklorisce.si\/index.php?rest_route=\/wp\/v2\/users\/1"}],"replies":[{"embeddable":true,"href":"https:\/\/folklorisce.si\/index.php?rest_route=%2Fwp%2Fv2%2Fcomments&post=1457"}],"version-history":[{"count":2,"href":"https:\/\/folklorisce.si\/index.php?rest_route=\/wp\/v2\/pages\/1457\/revisions"}],"predecessor-version":[{"id":1459,"href":"https:\/\/folklorisce.si\/index.php?rest_route=\/wp\/v2\/pages\/1457\/revisions\/1459"}],"wp:attachment":[{"href":"https:\/\/folklorisce.si\/index.php?rest_route=%2Fwp%2Fv2%2Fmedia&parent=1457"}],"curies":[{"name":"wp","href":"https:\/\/api.w.org\/{rel}","templated":true}]}}