{"id":1442,"date":"2024-01-09T12:50:42","date_gmt":"2024-01-09T12:50:42","guid":{"rendered":"https:\/\/folklorisce.si\/?page_id=1442"},"modified":"2024-01-09T12:52:58","modified_gmt":"2024-01-09T12:52:58","slug":"biba-leze-biba-gre","status":"publish","type":"page","link":"https:\/\/folklorisce.si\/?page_id=1442","title":{"rendered":"BIBA LEZE, BIBA GRE"},"content":{"rendered":"\n<p class=\"has-medium-font-size\"><strong>Namen:<\/strong> razvijanje ob\u010dutka za ritem in medsebojno usklajenost &nbsp;<\/p>\n\n\n\n<p><\/p>\n\n\n\n<p><strong>Opis:<\/strong> nau\u010dimo se zapeti pesem <em>Biba leze, biba gre<\/em><\/p>\n\n\n\n<p><em>Biba leze, biba gre,<\/em><\/p>\n\n\n\n<p><em>da bi pri\u0161la do gore,<\/em><\/p>\n\n\n\n<p><em>do gore, do biser gore,<\/em><\/p>\n\n\n\n<p><em>kamor nih\u010de drug ne more.<\/em><\/p>\n\n\n\n<p><\/p>\n\n\n\n<p><strong>Razli\u010dice:<\/strong><\/p>\n\n\n\n<ol class=\"wp-block-list\" style=\"list-style-type:1\">\n<li>Petju dodamo ritmi\u010dno korakanje po prostoru.<\/li>\n\n\n\n<li>Pojemo in korakamo v krogu, dr\u017ee\u010d se za roke.<\/li>\n\n\n\n<li>Pojemo in korakamo v krogu s spu\u0161\u010denimi rokami.<\/li>\n\n\n\n<li>Pojemo in korakamo v koloni, dr\u017ee\u010d se za ramena. Premikajo\u010do se kolono oblikujemo v \u00bbbibo\u00ab z ve\u010d pari nog, \u00bbglava\u00ab lahko vijugasto vodi \u00bbtrup\u00ab po prostoru.<\/li>\n<\/ol>\n\n\n\n<p><\/p>\n\n\n\n<p><strong>Prakti\u010dni primer:<\/strong><\/p>\n\n\n\n<figure class=\"wp-block-embed is-type-video is-provider-youtube wp-block-embed-youtube wp-embed-aspect-4-3 wp-has-aspect-ratio\"><div class=\"wp-block-embed__wrapper\">\n<iframe loading=\"lazy\" title=\"01 Biba leze\" width=\"780\" height=\"585\" src=\"https:\/\/www.youtube.com\/embed\/HkW_oN3fh0g?feature=oembed\" frameborder=\"0\" allow=\"accelerometer; autoplay; clipboard-write; encrypted-media; gyroscope; picture-in-picture; web-share\" allowfullscreen><\/iframe>\n<\/div><\/figure>\n","protected":false},"excerpt":{"rendered":"<p>Namen: razvijanje ob\u010dutka za ritem in medsebojno usklajenost &nbsp; Opis: nau\u010dimo se zapeti pesem Biba leze, biba gre Biba leze, [&hellip;]<\/p>\n","protected":false},"author":1,"featured_media":0,"parent":0,"menu_order":0,"comment_status":"closed","ping_status":"closed","template":"","meta":{"footnotes":""},"class_list":["post-1442","page","type-page","status-publish","hentry"],"_links":{"self":[{"href":"https:\/\/folklorisce.si\/index.php?rest_route=\/wp\/v2\/pages\/1442","targetHints":{"allow":["GET"]}}],"collection":[{"href":"https:\/\/folklorisce.si\/index.php?rest_route=\/wp\/v2\/pages"}],"about":[{"href":"https:\/\/folklorisce.si\/index.php?rest_route=\/wp\/v2\/types\/page"}],"author":[{"embeddable":true,"href":"https:\/\/folklorisce.si\/index.php?rest_route=\/wp\/v2\/users\/1"}],"replies":[{"embeddable":true,"href":"https:\/\/folklorisce.si\/index.php?rest_route=%2Fwp%2Fv2%2Fcomments&post=1442"}],"version-history":[{"count":3,"href":"https:\/\/folklorisce.si\/index.php?rest_route=\/wp\/v2\/pages\/1442\/revisions"}],"predecessor-version":[{"id":1445,"href":"https:\/\/folklorisce.si\/index.php?rest_route=\/wp\/v2\/pages\/1442\/revisions\/1445"}],"wp:attachment":[{"href":"https:\/\/folklorisce.si\/index.php?rest_route=%2Fwp%2Fv2%2Fmedia&parent=1442"}],"curies":[{"name":"wp","href":"https:\/\/api.w.org\/{rel}","templated":true}]}}