{"id":1436,"date":"2024-01-09T12:45:55","date_gmt":"2024-01-09T12:45:55","guid":{"rendered":"https:\/\/folklorisce.si\/?page_id=1436"},"modified":"2024-01-09T12:48:25","modified_gmt":"2024-01-09T12:48:25","slug":"psicek-nima-repa-vec","status":"publish","type":"page","link":"https:\/\/folklorisce.si\/?page_id=1436","title":{"rendered":"PSI\u010cEK NIMA REPA VE\u010c"},"content":{"rendered":"\n<p class=\"has-medium-font-size\"><strong>Namen:<\/strong> razvijanje pevskega posluha, ritma in plesnosti \u00a0<\/p>\n\n\n\n<p><\/p>\n\n\n\n<p><strong>Opis:<\/strong> nau\u010dimo se zapeti pesem <em>Psi\u010dek nima repa ve\u010d<\/em><\/p>\n\n\n\n<p><em>Psi\u010dek nima repa ve\u010d,<\/em><\/p>\n\n\n\n<p><em>kdo mu ga je odrezal pre\u010d?<\/em><\/p>\n\n\n\n<p><em>Diri diri daj, diri diri daj,<\/em><\/p>\n\n\n\n<p><em>dajte psi\u010dku rep nazaj!<\/em><\/p>\n\n\n\n<p><\/p>\n\n\n\n<p><strong>Razli\u010dice:<\/strong><\/p>\n\n\n\n<ol class=\"wp-block-list\" style=\"list-style-type:1\">\n<li>Petju dodamo ploskanje:<\/li>\n\n\n\n<li>v prvem delu besedila na posamezne zloge: 7 ploskov + 7 ploskov,<\/li>\n\n\n\n<li>v drugem delu besedila (refrenu) na posamezne besede: 3 ploski + 3 ploski + 4 ploski.<\/li>\n\n\n\n<li>Namesto ploskanja korakamo na mestu.<\/li>\n\n\n\n<li>Namesto korakanja na mestu ple\u0161emo ziben\u0161rit, torej se s korakanjem premikamo levo-desno ali naprej-nazaj: sedem stranskih korakov v desno\/naprej + sedem stranskih korakov v levo\/nazaj + tri stranske korake v desno\/naprej + tri stranske korake v levo\/nazaj + \u0161tiri korake na mestu\/naredimo obrat okoli svoje osi.<\/li>\n<\/ol>\n\n\n\n<p><\/p>\n\n\n\n<p><strong>Prakti\u010dna primera:<\/strong><\/p>\n\n\n\n<figure class=\"wp-block-embed is-type-video is-provider-youtube wp-block-embed-youtube wp-embed-aspect-4-3 wp-has-aspect-ratio\"><div class=\"wp-block-embed__wrapper\">\n<iframe loading=\"lazy\" title=\"Volk Folk - Ziben\u0161rit\" width=\"780\" height=\"585\" src=\"https:\/\/www.youtube.com\/embed\/t37d6HT-nUE?feature=oembed\" frameborder=\"0\" allow=\"accelerometer; autoplay; clipboard-write; encrypted-media; gyroscope; picture-in-picture; web-share\" allowfullscreen><\/iframe>\n<\/div><\/figure>\n\n\n\n<p><\/p>\n\n\n\n<figure class=\"wp-block-embed is-type-video is-provider-youtube wp-block-embed-youtube wp-embed-aspect-16-9 wp-has-aspect-ratio\"><div class=\"wp-block-embed__wrapper\">\n<iframe loading=\"lazy\" title=\"Psicek nima repa vec\" width=\"780\" height=\"439\" src=\"https:\/\/www.youtube.com\/embed\/2BjWDneN6Po?feature=oembed\" frameborder=\"0\" allow=\"accelerometer; autoplay; clipboard-write; encrypted-media; gyroscope; picture-in-picture; web-share\" allowfullscreen><\/iframe>\n<\/div><\/figure>\n","protected":false},"excerpt":{"rendered":"<p>Namen: razvijanje pevskega posluha, ritma in plesnosti \u00a0 Opis: nau\u010dimo se zapeti pesem Psi\u010dek nima repa ve\u010d Psi\u010dek nima repa [&hellip;]<\/p>\n","protected":false},"author":1,"featured_media":0,"parent":0,"menu_order":0,"comment_status":"closed","ping_status":"closed","template":"","meta":{"footnotes":""},"class_list":["post-1436","page","type-page","status-publish","hentry"],"_links":{"self":[{"href":"https:\/\/folklorisce.si\/index.php?rest_route=\/wp\/v2\/pages\/1436","targetHints":{"allow":["GET"]}}],"collection":[{"href":"https:\/\/folklorisce.si\/index.php?rest_route=\/wp\/v2\/pages"}],"about":[{"href":"https:\/\/folklorisce.si\/index.php?rest_route=\/wp\/v2\/types\/page"}],"author":[{"embeddable":true,"href":"https:\/\/folklorisce.si\/index.php?rest_route=\/wp\/v2\/users\/1"}],"replies":[{"embeddable":true,"href":"https:\/\/folklorisce.si\/index.php?rest_route=%2Fwp%2Fv2%2Fcomments&post=1436"}],"version-history":[{"count":2,"href":"https:\/\/folklorisce.si\/index.php?rest_route=\/wp\/v2\/pages\/1436\/revisions"}],"predecessor-version":[{"id":1439,"href":"https:\/\/folklorisce.si\/index.php?rest_route=\/wp\/v2\/pages\/1436\/revisions\/1439"}],"wp:attachment":[{"href":"https:\/\/folklorisce.si\/index.php?rest_route=%2Fwp%2Fv2%2Fmedia&parent=1436"}],"curies":[{"name":"wp","href":"https:\/\/api.w.org\/{rel}","templated":true}]}}