{"id":1429,"date":"2024-01-09T12:37:36","date_gmt":"2024-01-09T12:37:36","guid":{"rendered":"https:\/\/folklorisce.si\/?page_id=1429"},"modified":"2024-01-09T12:38:54","modified_gmt":"2024-01-09T12:38:54","slug":"abraham-ma-sedem-sinov","status":"publish","type":"page","link":"https:\/\/folklorisce.si\/?page_id=1429","title":{"rendered":"ABRAHAM MA SEDEM SINOV"},"content":{"rendered":"\n<p class=\"has-medium-font-size\"><strong>Namen:<\/strong> razvijanje pevskega posluha in ritma, posnemanje gest in skladnega gibanja v prostoru<\/p>\n\n\n\n<p class=\"has-medium-font-size\"><\/p>\n\n\n\n<p class=\"has-medium-font-size\"><strong>Opis:<\/strong> nau\u010dimo se zapeti pesem <em>Abraham &#8216;ma sedem sinov<\/em> \u00a0<\/p>\n\n\n\n<p class=\"has-medium-font-size\"><em>Abraham &#8216;ma sedem sinov, sedem sinov Abraham.<\/em><\/p>\n\n\n\n<p class=\"has-medium-font-size\"><em>Vsi so jedli, vsi so pili, vsi so delali tako:<\/em><\/p>\n\n\n\n<p class=\"has-medium-font-size\"><em>vsi tako, vsi tako, vsi so delali tako,<\/em><\/p>\n\n\n\n<p class=\"has-medium-font-size\"><em>vsi tako, vsi tako, vsi so delali tako.<\/em>\n\n&nbsp;<\/p>\n\n\n\n<p><\/p>\n\n\n\n<p class=\"has-medium-font-size\"><strong>Razli\u010dice:<\/strong><\/p>\n\n\n\n<ol class=\"wp-block-list\" style=\"list-style-type:1\">\n<li>Med petjem refrena \u00bb<em>vsi tako<\/em>\u00ab z gestami ka\u017eemo dolo\u010deno dejavnost, npr. delanje po\u010depov, ploskanje, igranje violine, trepljanje soseda po ramenu, nazdravljanje s kozarci itd.<\/li>\n\n\n\n<li>Med petjem v koloni skladno korakamo in se premikamo po prostoru. Ob petju refrena in kazanju gest stojimo na mestu.<\/li>\n<\/ol>\n","protected":false},"excerpt":{"rendered":"<p>Namen: razvijanje pevskega posluha in ritma, posnemanje gest in skladnega gibanja v prostoru Opis: nau\u010dimo se zapeti pesem Abraham &#8216;ma [&hellip;]<\/p>\n","protected":false},"author":1,"featured_media":0,"parent":0,"menu_order":0,"comment_status":"closed","ping_status":"closed","template":"","meta":{"footnotes":""},"class_list":["post-1429","page","type-page","status-publish","hentry"],"_links":{"self":[{"href":"https:\/\/folklorisce.si\/index.php?rest_route=\/wp\/v2\/pages\/1429","targetHints":{"allow":["GET"]}}],"collection":[{"href":"https:\/\/folklorisce.si\/index.php?rest_route=\/wp\/v2\/pages"}],"about":[{"href":"https:\/\/folklorisce.si\/index.php?rest_route=\/wp\/v2\/types\/page"}],"author":[{"embeddable":true,"href":"https:\/\/folklorisce.si\/index.php?rest_route=\/wp\/v2\/users\/1"}],"replies":[{"embeddable":true,"href":"https:\/\/folklorisce.si\/index.php?rest_route=%2Fwp%2Fv2%2Fcomments&post=1429"}],"version-history":[{"count":4,"href":"https:\/\/folklorisce.si\/index.php?rest_route=\/wp\/v2\/pages\/1429\/revisions"}],"predecessor-version":[{"id":1434,"href":"https:\/\/folklorisce.si\/index.php?rest_route=\/wp\/v2\/pages\/1429\/revisions\/1434"}],"wp:attachment":[{"href":"https:\/\/folklorisce.si\/index.php?rest_route=%2Fwp%2Fv2%2Fmedia&parent=1429"}],"curies":[{"name":"wp","href":"https:\/\/api.w.org\/{rel}","templated":true}]}}