{"id":1399,"date":"2024-01-09T12:00:10","date_gmt":"2024-01-09T12:00:10","guid":{"rendered":"https:\/\/folklorisce.si\/?page_id=1399"},"modified":"2024-01-09T12:03:13","modified_gmt":"2024-01-09T12:03:13","slug":"kako-ti-je-ime","status":"publish","type":"page","link":"https:\/\/folklorisce.si\/?page_id=1399","title":{"rendered":"Kako ti je ime?"},"content":{"rendered":"<p><strong>Namen:<\/strong> spoznavanje imen ter razvijanje ob\u010dutka za ritem in usklajenost<\/p>\n<p><strong>Opis:<\/strong> skupino, ki jo sestavljajo posamezni \u010dlani, ki se med seboj \u0161e ne poznajo, vpra\u0161amo, kako je ime posameznemu \u010dlanu. Pred vpra\u0161anjem najprej izberemo tistega, ki ga bomo vpra\u0161ali po imenu. Lahko spra\u0161ujemo po vrsti, kakor so razporejeni \u010dlani skupine, ali pa naklju\u010dno. Skupaj razlo\u010dno izgovarjamo vpra\u0161anje \u00bbIme, ime, kako ti je ime?\u00ab in ob posameznih zlogih izmenjujo\u010de ploskamo in z rokama udarjamo po stegnih.<\/p>\n<p>I \u2013 plosk z rokama<\/p>\n<p>ME \u2013 udarec po stegnih<\/p>\n<p>I \u2013 plosk z rokama<\/p>\n<p>ME \u2013 udarec po stegnih<\/p>\n<p>KA \u2013 plosk z rokama<\/p>\n<p>KO \u2013 udarec po stegnih<\/p>\n<p>TI \u2013 plosk z rokama<\/p>\n<p>JE \u2013 udarec po stegnih<\/p>\n<p>I \u2013 plosk z rokama<\/p>\n<p>ME \u2013 udarec po stegnih<\/p>\n<p><strong>Razli\u010dice:<\/strong><\/p>\n<ul>\n<li>Vpra\u0161ani lahko namesto preprostega odgovora svoje ime prav tako izgovori s ploskanjem ob zlogovanju svojega imena.<\/li>\n<li>Ploskanje lahko nadgradimo ali zamenjamo z razli\u010dnimi na\u010dini ploskanja, premikanjem po prostoru ali drugimi gibi.<\/li>\n<li>Vpra\u0161ani si izmisli svoj ritem ploskanja in ob tem pove svoje ime. Drugi ponovijo sli\u0161ano (ploskanje in ime). Naslednji vpra\u0161ani ponovi predhodni ritem, nato si izmisli svojega in pove svoje ime.<\/li>\n<\/ul>\n","protected":false},"excerpt":{"rendered":"<p>Namen: spoznavanje imen ter razvijanje ob\u010dutka za ritem in usklajenost Opis: skupino, ki jo sestavljajo posamezni \u010dlani, ki se med [&hellip;]<\/p>\n","protected":false},"author":1,"featured_media":0,"parent":0,"menu_order":0,"comment_status":"closed","ping_status":"closed","template":"","meta":{"footnotes":""},"class_list":["post-1399","page","type-page","status-publish","hentry"],"_links":{"self":[{"href":"https:\/\/folklorisce.si\/index.php?rest_route=\/wp\/v2\/pages\/1399","targetHints":{"allow":["GET"]}}],"collection":[{"href":"https:\/\/folklorisce.si\/index.php?rest_route=\/wp\/v2\/pages"}],"about":[{"href":"https:\/\/folklorisce.si\/index.php?rest_route=\/wp\/v2\/types\/page"}],"author":[{"embeddable":true,"href":"https:\/\/folklorisce.si\/index.php?rest_route=\/wp\/v2\/users\/1"}],"replies":[{"embeddable":true,"href":"https:\/\/folklorisce.si\/index.php?rest_route=%2Fwp%2Fv2%2Fcomments&post=1399"}],"version-history":[{"count":4,"href":"https:\/\/folklorisce.si\/index.php?rest_route=\/wp\/v2\/pages\/1399\/revisions"}],"predecessor-version":[{"id":1404,"href":"https:\/\/folklorisce.si\/index.php?rest_route=\/wp\/v2\/pages\/1399\/revisions\/1404"}],"wp:attachment":[{"href":"https:\/\/folklorisce.si\/index.php?rest_route=%2Fwp%2Fv2%2Fmedia&parent=1399"}],"curies":[{"name":"wp","href":"https:\/\/api.w.org\/{rel}","templated":true}]}}