{"id":1108,"date":"2023-12-04T07:29:07","date_gmt":"2023-12-04T07:29:07","guid":{"rendered":"https:\/\/folklorisce.si\/?page_id=1108"},"modified":"2024-01-05T10:25:26","modified_gmt":"2024-01-05T10:25:26","slug":"zbirke-pesmi","status":"publish","type":"page","link":"https:\/\/folklorisce.si\/?page_id=1108","title":{"rendered":"Zbirke pesmi"},"content":{"rendered":"\n<div class=\"wp-block-group is-vertical is-layout-flex wp-container-core-group-is-layout-8cf370e7 wp-block-group-is-layout-flex\">\n<p><strong><em>Pesmi sveta<\/em><\/strong><strong> <\/strong>(zbrala Breda Oblak). Ljubljana: Dr\u017eavna zalo\u017eba Slovenije, 1995.<\/p>\n\n\n\n<figure class=\"wp-block-image size-full\"><img loading=\"lazy\" decoding=\"async\" width=\"155\" height=\"201\" src=\"https:\/\/folklorisce.si\/wp-content\/uploads\/2024\/01\/image.png\" alt=\"\" class=\"wp-image-1257\"\/><\/figure>\n<\/div>\n\n\n\n<div style=\"height:52px\" aria-hidden=\"true\" class=\"wp-block-spacer\"><\/div>\n\n\n\n<div class=\"wp-block-group is-vertical is-layout-flex wp-container-core-group-is-layout-8cf370e7 wp-block-group-is-layout-flex\">\n<p><strong><em>Pesmi in plesi ljudstev sveta za otroke<\/em><\/strong> (Albinca Pesek in Svanibor Pettan). Ljubljana: Mladinska knjiga, 2000.<\/p>\n\n\n\n<figure class=\"wp-block-image size-full\"><img loading=\"lazy\" decoding=\"async\" width=\"161\" height=\"204\" src=\"https:\/\/folklorisce.si\/wp-content\/uploads\/2024\/01\/image-29.png\" alt=\"\" class=\"wp-image-1292\"\/><\/figure>\n<\/div>\n\n\n\n<div style=\"height:52px\" aria-hidden=\"true\" class=\"wp-block-spacer\"><\/div>\n\n\n\n<div class=\"wp-block-group is-vertical is-layout-flex wp-container-core-group-is-layout-8cf370e7 wp-block-group-is-layout-flex\">\n<div class=\"wp-block-group is-vertical is-layout-flex wp-container-core-group-is-layout-8cf370e7 wp-block-group-is-layout-flex\">\n<p><strong><em>Novi kos<\/em><\/strong><strong> <\/strong>(zbral in priredil Julijan Strajnar). Ljubljana: Slovenska akademija znanosti in umetnosti, Glasbenonarodopisni in\u0161titut ZRC SAZU, 2000. (prilo\u017eena zvo\u010dna kaseta)<\/p>\n\n\n\n<figure class=\"wp-block-image size-full is-resized\"><img loading=\"lazy\" decoding=\"async\" width=\"181\" height=\"256\" src=\"https:\/\/folklorisce.si\/wp-content\/uploads\/2024\/01\/image-2.png\" alt=\"\" class=\"wp-image-1261\" style=\"width:180px;height:auto\"\/><\/figure>\n<\/div>\n\n\n\n<div style=\"height:0px\" aria-hidden=\"true\" class=\"wp-block-spacer wp-container-content-38cd910e\"><\/div>\n<\/div>\n\n\n\n<div class=\"wp-block-group is-vertical is-layout-flex wp-container-core-group-is-layout-8cf370e7 wp-block-group-is-layout-flex\">\n<p><strong><em>Najmanj\u0161e igre na Slovenskem<\/em><\/strong><strong> <\/strong>(zbral Igor Cvetko). Radovljica: Didakta, 2000.<\/p>\n\n\n\n<figure class=\"wp-block-image size-full\"><img loading=\"lazy\" decoding=\"async\" width=\"164\" height=\"225\" src=\"https:\/\/folklorisce.si\/wp-content\/uploads\/2024\/01\/image-3.png\" alt=\"\" class=\"wp-image-1262\"\/><\/figure>\n<\/div>\n\n\n\n<div style=\"height:52px\" aria-hidden=\"true\" class=\"wp-block-spacer\"><\/div>\n\n\n\n<div class=\"wp-block-group is-vertical is-layout-flex wp-container-core-group-is-layout-8cf370e7 wp-block-group-is-layout-flex\">\n<p><strong><em>Otro\u0161ke igre od A do \u017d <\/em><\/strong>(zbral Igor Cvetko). Ljubljana: Celjska Mohorjeva dru\u017eba, 2017.<\/p>\n\n\n\n<figure class=\"wp-block-image size-full\"><img loading=\"lazy\" decoding=\"async\" width=\"169\" height=\"220\" src=\"https:\/\/folklorisce.si\/wp-content\/uploads\/2024\/01\/image-4.png\" alt=\"\" class=\"wp-image-1263\"\/><\/figure>\n<\/div>\n\n\n\n<div style=\"height:52px\" aria-hidden=\"true\" class=\"wp-block-spacer\"><\/div>\n\n\n\n<div class=\"wp-block-group is-vertical is-layout-flex wp-container-core-group-is-layout-8cf370e7 wp-block-group-is-layout-flex\">\n<p><strong><em>Majhna sem bila<\/em><\/strong> (zbrali Mira Voglar in Milena Nogra\u0161ek). Ljubljana: Dr\u017eavna zalo\u017eba Slovenije, 2001.<\/p>\n\n\n\n<figure class=\"wp-block-image size-full\"><img loading=\"lazy\" decoding=\"async\" width=\"157\" height=\"224\" src=\"https:\/\/folklorisce.si\/wp-content\/uploads\/2024\/01\/image-5.png\" alt=\"\" class=\"wp-image-1264\"\/><\/figure>\n<\/div>\n\n\n\n<div style=\"height:52px\" aria-hidden=\"true\" class=\"wp-block-spacer\"><\/div>\n\n\n\n<div class=\"wp-block-group is-vertical is-layout-flex wp-container-core-group-is-layout-8cf370e7 wp-block-group-is-layout-flex\">\n<p><strong><em>Kri\u017e kra\u017e kralj Matja\u017e: Otro\u0161ke pesmi, igre in igra\u010de na ju\u017enem Koro\u0161kem<\/em><\/strong><strong> <\/strong>(zbrala U\u0161i Sereinig)<em>.<\/em> Celovec: Slovenski narodopisni in\u0161titut Urban Jarnik, 2003.<\/p>\n\n\n\n<figure class=\"wp-block-image size-full\"><img loading=\"lazy\" decoding=\"async\" width=\"150\" height=\"150\" src=\"https:\/\/folklorisce.si\/wp-content\/uploads\/2024\/01\/image-6.png\" alt=\"\" class=\"wp-image-1265\" srcset=\"https:\/\/folklorisce.si\/wp-content\/uploads\/2024\/01\/image-6.png 150w, https:\/\/folklorisce.si\/wp-content\/uploads\/2024\/01\/image-6-100x100.png 100w\" sizes=\"auto, (max-width: 150px) 100vw, 150px\" \/><\/figure>\n<\/div>\n\n\n\n<p><strong><em><br><\/em><\/strong><\/p>\n\n\n\n<div style=\"height:52px\" aria-hidden=\"true\" class=\"wp-block-spacer\"><\/div>\n\n\n\n<div class=\"wp-block-group is-vertical is-layout-flex wp-container-core-group-is-layout-8cf370e7 wp-block-group-is-layout-flex\">\n<p><strong><em>Trara pesem pelja: Slovenska otro\u0161ka glasbila, zvo\u010dila in zvo\u010dne igra\u010de<\/em><\/strong><strong> <\/strong>(zbral Igor Cvetko). Ljubljana: Mladinska knjiga, 2003.<\/p>\n\n\n\n<figure class=\"wp-block-image size-full\"><img loading=\"lazy\" decoding=\"async\" width=\"157\" height=\"199\" src=\"https:\/\/folklorisce.si\/wp-content\/uploads\/2024\/01\/image-7.png\" alt=\"\" class=\"wp-image-1267\"\/><\/figure>\n<\/div>\n\n\n\n<div style=\"height:52px\" aria-hidden=\"true\" class=\"wp-block-spacer\"><\/div>\n\n\n\n<div class=\"wp-block-group is-vertical is-layout-flex wp-container-core-group-is-layout-8cf370e7 wp-block-group-is-layout-flex\">\n<p><strong><em>Otro\u0161ka pesmarica <\/em><\/strong><strong>1<\/strong> (zbrali Ma\u0161a Komavec in Ur\u0161a \u0160ivic). Ljubljana: Mladinska knjiga, 2004. (prilo\u017eena zgo\u0161\u010denka)<\/p>\n\n\n\n<figure class=\"wp-block-image size-full\"><img loading=\"lazy\" decoding=\"async\" width=\"161\" height=\"233\" src=\"https:\/\/folklorisce.si\/wp-content\/uploads\/2024\/01\/image-8.png\" alt=\"\" class=\"wp-image-1268\"\/><\/figure>\n<\/div>\n\n\n\n<div style=\"height:52px\" aria-hidden=\"true\" class=\"wp-block-spacer\"><\/div>\n\n\n\n<div class=\"wp-block-group is-vertical is-layout-flex wp-container-core-group-is-layout-8cf370e7 wp-block-group-is-layout-flex\">\n<p><strong><em>Aja, tutaja: Slovenske ljudske uspavanke<\/em><\/strong><strong> <\/strong>(zbral Igor Cvetko). Ljubljana: Dr\u017eavna zalo\u017eba Slovenije, 2005.<\/p>\n\n\n\n<figure class=\"wp-block-image size-full\"><img loading=\"lazy\" decoding=\"async\" width=\"132\" height=\"189\" src=\"https:\/\/folklorisce.si\/wp-content\/uploads\/2024\/01\/image-9.png\" alt=\"\" class=\"wp-image-1269\"\/><\/figure>\n<\/div>\n\n\n\n<div style=\"height:52px\" aria-hidden=\"true\" class=\"wp-block-spacer\"><\/div>\n\n\n\n<div class=\"wp-block-group is-vertical is-layout-flex wp-container-core-group-is-layout-8cf370e7 wp-block-group-is-layout-flex\">\n<p><strong><em>Pi\u0161ke sem pasla: Priro\u010dnik<\/em><\/strong> (zbrali Mira Voglar in Milena Nogra\u0161ek). Ljubljana: Dr\u017eavna zalo\u017eba Slovenije, 2005.<\/p>\n\n\n\n<ul class=\"wp-block-list\">\n<li>izdelava glasbil<\/li>\n\n\n\n<li>tudi novej\u0161e pesmi in skladbe<\/li>\n\n\n\n<li>navodila za interpretiranje<\/li>\n<\/ul>\n\n\n\n<figure class=\"wp-block-image size-full\"><img loading=\"lazy\" decoding=\"async\" width=\"144\" height=\"211\" src=\"https:\/\/folklorisce.si\/wp-content\/uploads\/2024\/01\/image-10.png\" alt=\"\" class=\"wp-image-1270\"\/><\/figure>\n<\/div>\n\n\n\n<div style=\"height:52px\" aria-hidden=\"true\" class=\"wp-block-spacer\"><\/div>\n\n\n\n<div class=\"wp-block-group is-vertical is-layout-flex wp-container-core-group-is-layout-8cf370e7 wp-block-group-is-layout-flex\">\n<p><strong><em>Kamen\u010dki: Pesmice, igrice in pravce s Krasa, z Brkinov in Vipavskega<\/em><\/strong><strong> <\/strong>(zbrala Mirjam \u0160trukelj)<em>.<\/em> Koper: Libris, 2005.<\/p>\n\n\n\n<figure class=\"wp-block-image size-full\"><img loading=\"lazy\" decoding=\"async\" width=\"140\" height=\"205\" src=\"https:\/\/folklorisce.si\/wp-content\/uploads\/2024\/01\/image-11.png\" alt=\"\" class=\"wp-image-1271\"\/><\/figure>\n<\/div>\n\n\n\n<div style=\"height:52px\" aria-hidden=\"true\" class=\"wp-block-spacer\"><\/div>\n\n\n\n<div class=\"wp-block-group is-vertical is-layout-flex wp-container-core-group-is-layout-8cf370e7 wp-block-group-is-layout-flex\">\n<p><strong><em>Otro\u0161ka pesmarica <\/em><\/strong><strong>2<\/strong> (zbrala Marko Terseglav, Ur\u0161a \u0160ivic). Ljubljana: Mladinska knjiga, 2006. (prilo\u017eena zgo\u0161\u010denka)<\/p>\n\n\n\n<figure class=\"wp-block-image size-full\"><img loading=\"lazy\" decoding=\"async\" width=\"162\" height=\"224\" src=\"https:\/\/folklorisce.si\/wp-content\/uploads\/2024\/01\/image-12.png\" alt=\"\" class=\"wp-image-1272\"\/><\/figure>\n<\/div>\n\n\n\n<div style=\"height:52px\" aria-hidden=\"true\" class=\"wp-block-spacer\"><\/div>\n\n\n\n<div class=\"wp-block-group is-vertical is-layout-flex wp-container-core-group-is-layout-8cf370e7 wp-block-group-is-layout-flex\">\n<p><strong><em>Ringaraja, pesem nam ugaja<\/em><\/strong><strong> <\/strong>(Barbara Sicherl &#8211; Kafol). Ljubljana: Mladinska knjiga, 2009. (prilo\u017eena zgo\u0161\u010denka)<\/p>\n\n\n\n<figure class=\"wp-block-image size-full\"><img loading=\"lazy\" decoding=\"async\" width=\"157\" height=\"208\" src=\"https:\/\/folklorisce.si\/wp-content\/uploads\/2024\/01\/image-13.png\" alt=\"\" class=\"wp-image-1273\"\/><\/figure>\n<\/div>\n\n\n\n<div style=\"height:52px\" aria-hidden=\"true\" class=\"wp-block-spacer\"><\/div>\n\n\n\n<div class=\"wp-block-group is-vertical is-layout-flex wp-container-core-group-is-layout-8cf370e7 wp-block-group-is-layout-flex\">\n<p><strong><em>Petelin\u010dek petelan\u010dek: Sto najlep\u0161ih ljudskih in priljubljenih pesmi za otroke<\/em><\/strong> (zbral Marko Terseglav). Ljubljana: Mladinska knjiga, 2010. (prilo\u017eena zgo\u0161\u010denka)<\/p>\n\n\n\n<figure class=\"wp-block-image size-full\"><img loading=\"lazy\" decoding=\"async\" width=\"150\" height=\"192\" src=\"https:\/\/folklorisce.si\/wp-content\/uploads\/2024\/01\/image-14.png\" alt=\"\" class=\"wp-image-1274\"\/><\/figure>\n<\/div>\n\n\n\n<div style=\"height:52px\" aria-hidden=\"true\" class=\"wp-block-spacer\"><\/div>\n\n\n\n<div class=\"wp-block-group is-vertical is-layout-flex wp-container-core-group-is-layout-8cf370e7 wp-block-group-is-layout-flex\">\n<p><strong><em>Kri\u017e, kra\u017e, Matija\u017e: Slovenski ljudski godci z otroki za otroke<\/em><\/strong> (zbrala Albinca Pesek). Ljubljana: Rokus Klett, 2011. (prilo\u017eena zgo\u0161\u010denka)<\/p>\n\n\n\n<figure class=\"wp-block-image size-full\"><img loading=\"lazy\" decoding=\"async\" width=\"146\" height=\"199\" src=\"https:\/\/folklorisce.si\/wp-content\/uploads\/2024\/01\/image-15.png\" alt=\"\" class=\"wp-image-1275\"\/><\/figure>\n<\/div>\n\n\n\n<div style=\"height:52px\" aria-hidden=\"true\" class=\"wp-block-spacer\"><\/div>\n\n\n\n<div class=\"wp-block-group is-vertical is-layout-flex wp-container-core-group-is-layout-8cf370e7 wp-block-group-is-layout-flex\">\n<p><strong><em>Mravla k mlini pelala: Slovenski ljudski godci z otroki za otroke<\/em><\/strong> (zbrala Albinca Pesek). Ljubljana: Rokus Klett, 2011. (prilo\u017eena zgo\u0161\u010denka)<\/p>\n\n\n\n<figure class=\"wp-block-image size-full\"><img loading=\"lazy\" decoding=\"async\" width=\"143\" height=\"207\" src=\"https:\/\/folklorisce.si\/wp-content\/uploads\/2024\/01\/image-16.png\" alt=\"\" class=\"wp-image-1276\"\/><\/figure>\n<\/div>\n\n\n\n<div style=\"height:52px\" aria-hidden=\"true\" class=\"wp-block-spacer\"><\/div>\n\n\n\n<div class=\"wp-block-group is-vertical is-layout-flex wp-container-core-group-is-layout-8cf370e7 wp-block-group-is-layout-flex\">\n<p><strong><em>Pal\u010dek \u0161lapka na gostijo: Slovenski ljudski godci z otroki za otroke<\/em><\/strong> (zbrala Albinca Pesek). Ljubljana: Rokus Klett, 2011. (prilo\u017eena zgo\u0161\u010denka)<\/p>\n\n\n\n<figure class=\"wp-block-image size-full\"><img loading=\"lazy\" decoding=\"async\" width=\"144\" height=\"193\" src=\"https:\/\/folklorisce.si\/wp-content\/uploads\/2024\/01\/image-17.png\" alt=\"\" class=\"wp-image-1277\"\/><\/figure>\n<\/div>\n\n\n\n<div style=\"height:52px\" aria-hidden=\"true\" class=\"wp-block-spacer\"><\/div>\n\n\n\n<div class=\"wp-block-group is-vertical is-layout-flex wp-container-core-group-is-layout-8cf370e7 wp-block-group-is-layout-flex\">\n<p><strong><em>Pesmi o \u017eivalih<\/em><\/strong> (zbrala Metka Pu\u0161enjak). Ljubljana: Mladinska knjiga, 2012. (prilo\u017eena zgo\u0161\u010denka)<\/p>\n\n\n\n<figure class=\"wp-block-image size-full\"><img loading=\"lazy\" decoding=\"async\" width=\"150\" height=\"192\" src=\"https:\/\/folklorisce.si\/wp-content\/uploads\/2024\/01\/image-18.png\" alt=\"\" class=\"wp-image-1278\"\/><\/figure>\n<\/div>\n\n\n\n<div style=\"height:52px\" aria-hidden=\"true\" class=\"wp-block-spacer\"><\/div>\n\n\n\n<div class=\"wp-block-group is-vertical is-layout-flex wp-container-core-group-is-layout-8cf370e7 wp-block-group-is-layout-flex\">\n<p><strong><em>Tingl tongl<\/em><\/strong><strong><em>: Ljudske pesmi za zvon\u010dke<\/em><\/strong> (zbrala Metka Pu\u0161enjak)<em>.<\/em> Ljubljana: Mladinska knjiga, 2012.<\/p>\n\n\n\n<figure class=\"wp-block-image size-full\"><img loading=\"lazy\" decoding=\"async\" width=\"241\" height=\"122\" src=\"https:\/\/folklorisce.si\/wp-content\/uploads\/2024\/01\/image-19.png\" alt=\"\" class=\"wp-image-1279\"\/><\/figure>\n<\/div>\n\n\n\n<div style=\"height:52px\" aria-hidden=\"true\" class=\"wp-block-spacer\"><\/div>\n\n\n\n<div class=\"wp-block-group is-vertical is-layout-flex wp-container-core-group-is-layout-8cf370e7 wp-block-group-is-layout-flex\">\n<p><strong><em>S pesmijo v praznike<\/em><\/strong> (Alenka Kova\u010di\u010d in Ur\u0161a \u0160ivic). Ljubljana: Mladinska knjiga, 2012.<\/p>\n\n\n\n<figure class=\"wp-block-image size-full\"><img loading=\"lazy\" decoding=\"async\" width=\"157\" height=\"201\" src=\"https:\/\/folklorisce.si\/wp-content\/uploads\/2024\/01\/image-20.png\" alt=\"\" class=\"wp-image-1280\"\/><\/figure>\n<\/div>\n\n\n\n<div style=\"height:52px\" aria-hidden=\"true\" class=\"wp-block-spacer\"><\/div>\n\n\n\n<div class=\"wp-block-group is-vertical is-layout-flex wp-container-core-group-is-layout-8cf370e7 wp-block-group-is-layout-flex\">\n<p><strong><em>\u0160aljivke nagajivke<\/em><\/strong><strong> <\/strong>(zbrala Metka Pu\u0161enjak). Ljubljana: Mladinska knjiga, 2013.<\/p>\n\n\n\n<figure class=\"wp-block-image size-full\"><img loading=\"lazy\" decoding=\"async\" width=\"154\" height=\"197\" src=\"https:\/\/folklorisce.si\/wp-content\/uploads\/2024\/01\/image-21.png\" alt=\"\" class=\"wp-image-1281\"\/><\/figure>\n<\/div>\n\n\n\n<div style=\"height:52px\" aria-hidden=\"true\" class=\"wp-block-spacer\"><\/div>\n\n\n\n<div class=\"wp-block-group is-vertical is-layout-flex wp-container-core-group-is-layout-8cf370e7 wp-block-group-is-layout-flex\">\n<p><strong><em>Pesmi o \u017eivalih 2<\/em><\/strong><em> <\/em>(zbrala Metka Pu\u0161enjak). Ljubljana: Mladinska knjiga, 2015. (prilo\u017eena zgo\u0161\u010denka)<\/p>\n\n\n\n<figure class=\"wp-block-image size-full\"><img loading=\"lazy\" decoding=\"async\" width=\"163\" height=\"208\" src=\"https:\/\/folklorisce.si\/wp-content\/uploads\/2024\/01\/image-22.png\" alt=\"\" class=\"wp-image-1282\"\/><\/figure>\n<\/div>\n\n\n\n<div style=\"height:52px\" aria-hidden=\"true\" class=\"wp-block-spacer\"><\/div>\n\n\n\n<div class=\"wp-block-group is-vertical is-layout-flex wp-container-core-group-is-layout-8cf370e7 wp-block-group-is-layout-flex\">\n<p><strong><em>Ta lu\u0161tne ljudske<\/em><\/strong> (zbrala Metka Pu\u0161enjak). Ljubljana: Mladinska knjiga, 2018. (prilo\u017eena zgo\u0161\u010denka)<\/p>\n\n\n\n<figure class=\"wp-block-image size-full\"><img loading=\"lazy\" decoding=\"async\" width=\"157\" height=\"200\" src=\"https:\/\/folklorisce.si\/wp-content\/uploads\/2024\/01\/image-23.png\" alt=\"\" class=\"wp-image-1283\"\/><\/figure>\n<\/div>\n\n\n\n<div style=\"height:52px\" aria-hidden=\"true\" class=\"wp-block-spacer\"><\/div>\n\n\n\n<div class=\"wp-block-group is-vertical is-layout-flex wp-container-core-group-is-layout-8cf370e7 wp-block-group-is-layout-flex\">\n<p><strong><em>Tonan\u00edna tonan\u00e1<\/em><\/strong><strong> <\/strong>(zbral Pavle Merk\u00f9). Udine: Pizzicato, 2003. (prilo\u017eena zgo\u0161\u010denka)<\/p>\n\n\n\n<figure class=\"wp-block-image size-full\"><img loading=\"lazy\" decoding=\"async\" width=\"150\" height=\"212\" src=\"https:\/\/folklorisce.si\/wp-content\/uploads\/2024\/01\/image-24.png\" alt=\"\" class=\"wp-image-1284\"\/><\/figure>\n<\/div>\n\n\n\n<div style=\"height:52px\" aria-hidden=\"true\" class=\"wp-block-spacer\"><\/div>\n\n\n\n<div class=\"wp-block-group is-vertical is-layout-flex wp-container-core-group-is-layout-8cf370e7 wp-block-group-is-layout-flex\">\n<p><strong><em>Kje so tiste ro\u017eice<\/em><\/strong> (zbrala Metka Pu\u0161enjak). Ljubljana: Mladinska knjiga, 2019. (prilo\u017eena zgo\u0161\u010denka)<\/p>\n\n\n\n<figure class=\"wp-block-image size-full\"><img loading=\"lazy\" decoding=\"async\" width=\"143\" height=\"182\" src=\"https:\/\/folklorisce.si\/wp-content\/uploads\/2024\/01\/image-25.png\" alt=\"\" class=\"wp-image-1285\"\/><\/figure>\n<\/div>\n\n\n\n<div style=\"height:52px\" aria-hidden=\"true\" class=\"wp-block-spacer\"><\/div>\n\n\n\n<div class=\"wp-block-group is-vertical is-layout-flex wp-container-core-group-is-layout-8cf370e7 wp-block-group-is-layout-flex\">\n<p><strong><em>Pastirica \u017egance kuha<\/em><\/strong><strong> <\/strong>(zbrala Metka Pu\u0161enjak). Ljubljana: Mladinska knjiga, 2022. (prilo\u017eena zgo\u0161\u010denka)<\/p>\n\n\n\n<figure class=\"wp-block-image size-full is-resized\"><img loading=\"lazy\" decoding=\"async\" width=\"400\" height=\"510\" src=\"https:\/\/folklorisce.si\/wp-content\/uploads\/2024\/01\/image-26.png\" alt=\"\" class=\"wp-image-1286\" style=\"width:172px;height:auto\" srcset=\"https:\/\/folklorisce.si\/wp-content\/uploads\/2024\/01\/image-26.png 400w, https:\/\/folklorisce.si\/wp-content\/uploads\/2024\/01\/image-26-235x300.png 235w\" sizes=\"auto, (max-width: 400px) 100vw, 400px\" \/><\/figure>\n<\/div>\n\n\n\n<div style=\"height:52px\" aria-hidden=\"true\" class=\"wp-block-spacer\"><\/div>\n\n\n\n<div class=\"wp-block-group is-vertical is-layout-flex wp-container-core-group-is-layout-8cf370e7 wp-block-group-is-layout-flex\">\n<p><strong>Ura je ena, medved \u0161e spi : slovenske ljudske na\u0161tevanke, od\u0161tevanke in iz\u0161tevanke, igre in poigranke, nagajivke in posmehulje <\/strong>(Marija Voglenik et al.) Ljubljana: Mladinska knjiga, 1990.<\/p>\n\n\n\n<figure class=\"wp-block-image size-full\"><img loading=\"lazy\" decoding=\"async\" width=\"187\" height=\"269\" src=\"https:\/\/folklorisce.si\/wp-content\/uploads\/2024\/01\/image-28.png\" alt=\"This image has an empty alt attribute; its file name is image-27.png\" class=\"wp-image-1288\"\/><\/figure>\n<\/div>\n\n\n\n<div style=\"height:52px\" aria-hidden=\"true\" class=\"wp-block-spacer\"><\/div>\n\n\n\n<p><strong>Pikapolonica, hvala za zlato kolo: otro\u0161ke igre in plesi: priro\u010dnik za folklorno vzgojo<\/strong>. (Ne\u017eka Lubej et al.) Maribor: Zveza kulturnih dru\u0161tev Maribor, 1997.<\/p>\n","protected":false},"excerpt":{"rendered":"<p>Pesmi sveta (zbrala Breda Oblak). Ljubljana: Dr\u017eavna zalo\u017eba Slovenije, 1995. Pesmi in plesi ljudstev sveta za otroke (Albinca Pesek in [&hellip;]<\/p>\n","protected":false},"author":1,"featured_media":0,"parent":0,"menu_order":0,"comment_status":"closed","ping_status":"closed","template":"","meta":{"footnotes":""},"class_list":["post-1108","page","type-page","status-publish","hentry"],"_links":{"self":[{"href":"https:\/\/folklorisce.si\/index.php?rest_route=\/wp\/v2\/pages\/1108","targetHints":{"allow":["GET"]}}],"collection":[{"href":"https:\/\/folklorisce.si\/index.php?rest_route=\/wp\/v2\/pages"}],"about":[{"href":"https:\/\/folklorisce.si\/index.php?rest_route=\/wp\/v2\/types\/page"}],"author":[{"embeddable":true,"href":"https:\/\/folklorisce.si\/index.php?rest_route=\/wp\/v2\/users\/1"}],"replies":[{"embeddable":true,"href":"https:\/\/folklorisce.si\/index.php?rest_route=%2Fwp%2Fv2%2Fcomments&post=1108"}],"version-history":[{"count":7,"href":"https:\/\/folklorisce.si\/index.php?rest_route=\/wp\/v2\/pages\/1108\/revisions"}],"predecessor-version":[{"id":1295,"href":"https:\/\/folklorisce.si\/index.php?rest_route=\/wp\/v2\/pages\/1108\/revisions\/1295"}],"wp:attachment":[{"href":"https:\/\/folklorisce.si\/index.php?rest_route=%2Fwp%2Fv2%2Fmedia&parent=1108"}],"curies":[{"name":"wp","href":"https:\/\/api.w.org\/{rel}","templated":true}]}}